{"id":23006,"date":"2024-07-04T09:30:10","date_gmt":"2024-07-04T07:30:10","guid":{"rendered":"https:\/\/www.zaniviaggi.com\/aluguel-de-onibus-e-veiculos\/"},"modified":"2024-07-29T10:50:35","modified_gmt":"2024-07-29T08:50:35","slug":"aluguel-de-onibus-e-veiculos","status":"publish","type":"page","link":"https:\/\/www.zaniviaggi.com\/pt-pt\/aluguel-de-onibus-e-veiculos\/","title":{"rendered":"Aluguer de \u00f4nibus e carros"},"content":{"rendered":"\t\t<div data-elementor-type=\"wp-page\" data-elementor-id=\"23006\" class=\"elementor elementor-23006 elementor-21478\" data-elementor-post-type=\"page\">\n\t\t\t\t<div class=\"elementor-element elementor-element-08a5ad0 e-flex e-con-boxed e-con e-parent\" data-id=\"08a5ad0\" data-element_type=\"container\" data-e-type=\"container\">\n\t\t\t\t\t<div class=\"e-con-inner\">\n\t\t<div class=\"elementor-element elementor-element-0e67927 e-con-full e-flex e-con e-child\" data-id=\"0e67927\" data-element_type=\"container\" data-e-type=\"container\">\n\t\t\t\t<div class=\"elementor-element elementor-element-411c616 elementor-widget elementor-widget-shortcode\" data-id=\"411c616\" data-element_type=\"widget\" data-e-type=\"widget\" data-widget_type=\"shortcode.default\">\n\t\t\t\t<div class=\"elementor-widget-container\">\n\t\t\t\t\t\t\t<div class=\"elementor-shortcode\"><nav aria-label=\"breadcrumbs\" class=\"rank-math-breadcrumb\"><p><span class=\"last\">Home<\/span><\/p><\/nav><\/div>\n\t\t\t\t\t\t<\/div>\n\t\t\t\t<\/div>\n\t\t\t\t<div class=\"elementor-element elementor-element-0be3f1f elementor-widget elementor-widget-heading\" data-id=\"0be3f1f\" data-element_type=\"widget\" data-e-type=\"widget\" data-widget_type=\"heading.default\">\n\t\t\t\t<div class=\"elementor-widget-container\">\n\t\t\t\t\t<h1 class=\"elementor-heading-title elementor-size-default\">Viaje sem preocupa\u00e7\u00f5es com \u00f4nibus e minivans Zani Viaggi<\/h1>\t\t\t\t<\/div>\n\t\t\t\t<\/div>\n\t\t\t\t<div class=\"elementor-element elementor-element-f2174c0 elementor-widget elementor-widget-text-editor\" data-id=\"f2174c0\" data-element_type=\"widget\" data-e-type=\"widget\" data-widget_type=\"text-editor.default\">\n\t\t\t\t<div class=\"elementor-widget-container\">\n\t\t\t\t\t\t\t\t\t<p>Organizar o transporte do grupo n\u00e3o \u00e9 f\u00e1cil. \u00c9 preciso pensar no roteiro, cuidar da organiza\u00e7\u00e3o de pessoas, bagagens, procurar motoristas e documentos. Com o servi\u00e7o de aluguel de \u00f4nibus, cuidamos de todas as dificuldades relacionadas ao transporte de qualquer n\u00famero de passageiros na It\u00e1lia e na Europa.<\/p>\n<p>\u00c9 poss\u00edvel solicitar um \u00f4nibus de diferentes capacidades (de 16 a 97 passageiros) para:<\/p>\n<ul>\n<li>passeios tur\u00edsticos, excurs\u00f5es;<\/li>\n<li>acompanhamento de casamentos, formaturas, eventos privados;<\/li>\n<li>transfer\u00eancias para aeroportos, esta\u00e7\u00f5es ferrovi\u00e1rias e outras cidades do norte da It\u00e1lia;<\/li>\n<li>reuni\u00f5es de delega\u00e7\u00f5es estrangeiras; eventos corporativos, viagens corporativas;<\/li>\n<li>viagens educacionais.<\/li>\n<\/ul>\n<p>Nossos motoristas qualificados est\u00e3o preparados para qualquer dificuldade durante a viagem: do mau tempo ao transporte noturno. N\u00e3o \u00e9 necess\u00e1rio temer atrasos e avarias: todos os autocarros passam regularmente por inspec\u00e7\u00f5es t\u00e9cnicas e verifica\u00e7\u00f5es antes da viagem.<\/p>\n<p>Al\u00e9m disso, nossos \u00f4nibus s\u00e3o desinfetados com m\u00e1quinas especiais v\u00e1rias vezes ao dia, antes e depois de cada servi\u00e7o, para garantir uma viagem com total seguran\u00e7a.<\/p>\n<p>Para mais informa\u00e7\u00f5es sobre aluguel de \u00f4nibus e para receber um or\u00e7amento sob medida para suas necessidades, preencha o seguinte formul\u00e1rio. Tentaremos responder a voc\u00ea dentro de 24 horas \u00fateis.<\/p>\n\t\t\t\t\t\t\t\t<\/div>\n\t\t\t\t<\/div>\n\t\t\t\t<\/div>\n\t\t<div class=\"elementor-element elementor-element-395efdd e-con-full e-flex e-con e-child\" data-id=\"395efdd\" data-element_type=\"container\" data-e-type=\"container\">\n\t\t\t\t<div class=\"elementor-element elementor-element-27e9c47 elementor-widget elementor-widget-image\" data-id=\"27e9c47\" data-element_type=\"widget\" data-e-type=\"widget\" data-widget_type=\"image.default\">\n\t\t\t\t<div class=\"elementor-widget-container\">\n\t\t\t\t\t\t\t\t\t\t\t\t\t\t\t<img fetchpriority=\"high\" decoding=\"async\" width=\"800\" height=\"306\" src=\"https:\/\/www.zaniviaggi.com\/wp-content\/uploads\/2024\/07\/noleggio-autobus-1024x392.webp\" class=\"attachment-large size-large wp-image-24082\" alt=\"\" srcset=\"https:\/\/www.zaniviaggi.com\/wp-content\/uploads\/2024\/07\/noleggio-autobus-1024x392.webp 1024w, https:\/\/www.zaniviaggi.com\/wp-content\/uploads\/2024\/07\/noleggio-autobus-300x115.webp 300w, https:\/\/www.zaniviaggi.com\/wp-content\/uploads\/2024\/07\/noleggio-autobus-768x294.webp 768w, https:\/\/www.zaniviaggi.com\/wp-content\/uploads\/2024\/07\/noleggio-autobus-1536x588.webp 1536w, https:\/\/www.zaniviaggi.com\/wp-content\/uploads\/2024\/07\/noleggio-autobus-600x230.webp 600w, https:\/\/www.zaniviaggi.com\/wp-content\/uploads\/2024\/07\/noleggio-autobus.webp 1920w\" sizes=\"(max-width: 800px) 100vw, 800px\" title=\"\">\t\t\t\t\t\t\t\t\t\t\t\t\t\t\t<\/div>\n\t\t\t\t<\/div>\n\t\t\t\t<\/div>\n\t\t\t\t\t<\/div>\n\t\t\t\t<\/div>\n\t\t<div class=\"elementor-element elementor-element-15bace3 e-flex e-con-boxed e-con e-parent\" data-id=\"15bace3\" data-element_type=\"container\" data-e-type=\"container\">\n\t\t\t\t\t<div class=\"e-con-inner\">\n\t\t\t\t<div class=\"elementor-element elementor-element-68f293c elementor-widget elementor-widget-heading\" data-id=\"68f293c\" data-element_type=\"widget\" data-e-type=\"widget\" data-widget_type=\"heading.default\">\n\t\t\t\t<div class=\"elementor-widget-container\">\n\t\t\t\t\t<h2 class=\"elementor-heading-title elementor-size-default\">Para mais informa\u00e7\u00f5es sobre o aluguel de \u00f4nibus e para receber um or\u00e7amento personalizado \u00e0s suas necessidades, preencha o formul\u00e1rio abaixo. Tentaremos responder dentro de 24 horas \u00fateis.<\/h2>\t\t\t\t<\/div>\n\t\t\t\t<\/div>\n\t\t\t\t<div class=\"elementor-element elementor-element-2a27a2a elementor-widget__width-inherit elementor-widget elementor-widget-shortcode\" data-id=\"2a27a2a\" data-element_type=\"widget\" data-e-type=\"widget\" data-widget_type=\"shortcode.default\">\n\t\t\t\t<div class=\"elementor-widget-container\">\n\t\t\t\t\t\t\t<div class=\"elementor-shortcode\"><style id=\"wpforms-css-vars-24046\">\n\t\t\t\t#wpforms-24046 {\n\t\t\t\t\n\t\t\t}\n\t\t\t<\/style><div class=\"wpforms-container wpforms-container-full wpforms-render-modern\" id=\"wpforms-24046\"><form id=\"wpforms-form-24046\" class=\"wpforms-validate wpforms-form wpforms-ajax-form\" data-formid=\"24046\" method=\"post\" enctype=\"multipart\/form-data\" action=\"\/pt-pt\/wp-json\/wp\/v2\/pages\/23006?wpforms_form_id=24046\" data-token=\"1c66dcf18b12b9906630b9fe6fd340de\" data-token-time=\"1776288191\"><noscript class=\"wpforms-error-noscript\">Please enable JavaScript in your browser to complete this form.<\/noscript><div id=\"wpforms-error-noscript\" style=\"display: none;\">Please enable JavaScript in your browser to complete this form.<\/div><div class=\"wpforms-field-container\"><div id=\"wpforms-24046-field_22-container\" class=\"wpforms-field wpforms-field-layout\" data-field-id=\"22\"><div class=\"wpforms-field-layout-rows wpforms-field-large\"><div class=\"wpforms-layout-row\"><div class=\"wpforms-layout-column wpforms-layout-column-50\"><div id=\"wpforms-24046-field_1-container\" class=\"wpforms-field wpforms-field-name\" data-field-id=\"1\"><label class=\"wpforms-field-label\" for=\"wpforms-24046-field_1\">Nome <span class=\"wpforms-required-label\" aria-hidden=\"true\">*<\/span><\/label><input type=\"text\" id=\"wpforms-24046-field_1\" class=\"wpforms-field-large wpforms-field-required\" name=\"wpforms[fields][1]\" aria-errormessage=\"wpforms-24046-field_1-error\" required><\/div><\/div><div class=\"wpforms-layout-column wpforms-layout-column-50\"><div id=\"wpforms-24046-field_2-container\" class=\"wpforms-field wpforms-field-name\" data-field-id=\"2\"><label class=\"wpforms-field-label\" for=\"wpforms-24046-field_2\">Sobrenome <span class=\"wpforms-required-label\" aria-hidden=\"true\">*<\/span><\/label><input type=\"text\" id=\"wpforms-24046-field_2\" class=\"wpforms-field-large wpforms-field-required\" name=\"wpforms[fields][2]\" aria-errormessage=\"wpforms-24046-field_2-error\" required><\/div><\/div><\/div><\/div><\/div><div id=\"wpforms-24046-field_3-container\" class=\"wpforms-field wpforms-field-text\" data-field-id=\"3\"><label class=\"wpforms-field-label\" for=\"wpforms-24046-field_3\">Nome da empresa<\/label><input type=\"text\" id=\"wpforms-24046-field_3\" class=\"wpforms-field-large\" name=\"wpforms[fields][3]\" aria-errormessage=\"wpforms-24046-field_3-error\" ><\/div><div id=\"wpforms-24046-field_23-container\" class=\"wpforms-field wpforms-field-layout\" data-field-id=\"23\"><div class=\"wpforms-field-layout-rows wpforms-field-large\"><div class=\"wpforms-layout-row\"><div class=\"wpforms-layout-column wpforms-layout-column-50\"><div id=\"wpforms-24046-field_5-container\" class=\"wpforms-field wpforms-field-phone\" data-field-id=\"5\"><label class=\"wpforms-field-label\" for=\"wpforms-24046-field_5\">Telefone m\u00f3vel <span class=\"wpforms-required-label\" aria-hidden=\"true\">*<\/span><\/label><input type=\"tel\" id=\"wpforms-24046-field_5\" class=\"wpforms-field-large wpforms-field-required wpforms-smart-phone-field\" data-rule-smart-phone-field=\"true\" name=\"wpforms[fields][5]\" value=\"+39\" aria-label=\"Telefone m\u00f3vel\" aria-errormessage=\"wpforms-24046-field_5-error\" required><\/div><\/div><div class=\"wpforms-layout-column wpforms-layout-column-50\"><div id=\"wpforms-24046-field_4-container\" class=\"wpforms-field wpforms-field-email\" data-field-id=\"4\"><label class=\"wpforms-field-label\" for=\"wpforms-24046-field_4\">E-mail <span class=\"wpforms-required-label\" aria-hidden=\"true\">*<\/span><\/label><input type=\"email\" id=\"wpforms-24046-field_4\" class=\"wpforms-field-large wpforms-field-required\" name=\"wpforms[fields][4]\" spellcheck=\"false\" aria-errormessage=\"wpforms-24046-field_4-error\" required><\/div><\/div><\/div><\/div><\/div><div id=\"wpforms-24046-field_6-container\" class=\"wpforms-field wpforms-field-html\" data-field-id=\"6\"><div id=\"wpforms-24046-field_6\" aria-errormessage=\"wpforms-24046-field_6-error\"><b>Detalhes do ponto de partida<\/b><\/div><\/div><div id=\"wpforms-24046-field_7-container\" class=\"wpforms-field wpforms-field-text\" data-field-id=\"7\"><label class=\"wpforms-field-label\" for=\"wpforms-24046-field_7\">Local de partida <span class=\"wpforms-required-label\" aria-hidden=\"true\">*<\/span><\/label><input type=\"text\" id=\"wpforms-24046-field_7\" class=\"wpforms-field-large wpforms-field-required\" name=\"wpforms[fields][7]\" aria-errormessage=\"wpforms-24046-field_7-error\" required><\/div><div id=\"wpforms-24046-field_24-container\" class=\"wpforms-field wpforms-field-layout\" data-field-id=\"24\"><div class=\"wpforms-field-layout-rows wpforms-field-large\"><div class=\"wpforms-layout-row\"><div class=\"wpforms-layout-column wpforms-layout-column-50\"><div id=\"wpforms-24046-field_8-container\" class=\"wpforms-field wpforms-field-date-time\" data-field-id=\"8\"><label class=\"wpforms-field-label\" for=\"wpforms-24046-field_8\">Data de partida <span class=\"wpforms-required-label\" aria-hidden=\"true\">*<\/span><\/label><div class=\"wpforms-datepicker-wrap\"><input type=\"text\" id=\"wpforms-24046-field_8\" class=\"wpforms-field-date-time-date wpforms-datepicker wpforms-field-required wpforms-field-large\" data-date-format=\"d\/m\/Y\" data-disable-past-dates=\"0\" data-input=\"true\" name=\"wpforms[fields][8][date]\" aria-errormessage=\"wpforms-24046-field_8-error\" required><a title=\"Clear Date\" data-clear role=\"button\" tabindex=\"0\" class=\"wpforms-datepicker-clear\" aria-label=\"Clear Date\" style=\"display:none;\"><\/a><\/div><\/div><\/div><div class=\"wpforms-layout-column wpforms-layout-column-50\"><div id=\"wpforms-24046-field_9-container\" class=\"wpforms-field wpforms-field-date-time\" data-field-id=\"9\"><label class=\"wpforms-field-label\" for=\"wpforms-24046-field_9-time\">Hora de partida <span class=\"wpforms-required-label\" aria-hidden=\"true\">*<\/span><\/label><input type=\"text\" id=\"wpforms-24046-field_9-time\" class=\"wpforms-field-date-time-time wpforms-timepicker wpforms-field-required wpforms-field-large\" data-time-format=\"H:i\" data-step=\"30\" data-rule-time24h=\"true\" name=\"wpforms[fields][9][time]\" aria-errormessage=\"wpforms-24046-field_9-time-error\" required><\/div><\/div><\/div><\/div><\/div><div id=\"wpforms-24046-field_11-container\" class=\"wpforms-field wpforms-field-html\" data-field-id=\"11\"><div id=\"wpforms-24046-field_11\" aria-errormessage=\"wpforms-24046-field_11-error\"><b>Detalhes do itiner\u00e1rio<\/b><\/div><\/div><div id=\"wpforms-24046-field_12-container\" class=\"wpforms-field wpforms-field-text\" data-field-id=\"12\"><label class=\"wpforms-field-label\" for=\"wpforms-24046-field_12\">Local de chegada <span class=\"wpforms-required-label\" aria-hidden=\"true\">*<\/span><\/label><input type=\"text\" id=\"wpforms-24046-field_12\" class=\"wpforms-field-large wpforms-field-required\" name=\"wpforms[fields][12]\" aria-errormessage=\"wpforms-24046-field_12-error\" required><\/div><div id=\"wpforms-24046-field_26-container\" class=\"wpforms-field wpforms-field-layout\" data-field-id=\"26\"><div class=\"wpforms-field-layout-rows wpforms-field-large\"><div class=\"wpforms-layout-row\"><div class=\"wpforms-layout-column wpforms-layout-column-50\"><div id=\"wpforms-24046-field_13-container\" class=\"wpforms-field wpforms-field-date-time\" data-field-id=\"13\"><label class=\"wpforms-field-label\" for=\"wpforms-24046-field_13\">Data de partida <span class=\"wpforms-required-label\" aria-hidden=\"true\">*<\/span><\/label><div class=\"wpforms-datepicker-wrap\"><input type=\"text\" id=\"wpforms-24046-field_13\" class=\"wpforms-field-date-time-date wpforms-datepicker wpforms-field-required wpforms-field-large\" data-date-format=\"d\/m\/Y\" data-disable-past-dates=\"0\" data-input=\"true\" name=\"wpforms[fields][13][date]\" aria-errormessage=\"wpforms-24046-field_13-error\" required><a title=\"Clear Date\" data-clear role=\"button\" tabindex=\"0\" class=\"wpforms-datepicker-clear\" aria-label=\"Clear Date\" style=\"display:none;\"><\/a><\/div><\/div><\/div><div class=\"wpforms-layout-column wpforms-layout-column-50\"><div id=\"wpforms-24046-field_14-container\" class=\"wpforms-field wpforms-field-date-time\" data-field-id=\"14\"><label class=\"wpforms-field-label\" for=\"wpforms-24046-field_14-time\">Hora de t\u00e9rmino do servi\u00e7o <span class=\"wpforms-required-label\" aria-hidden=\"true\">*<\/span><\/label><input type=\"text\" id=\"wpforms-24046-field_14-time\" class=\"wpforms-field-date-time-time wpforms-timepicker wpforms-field-required wpforms-field-large\" data-time-format=\"H:i\" data-step=\"30\" data-rule-time24h=\"true\" name=\"wpforms[fields][14][time]\" aria-errormessage=\"wpforms-24046-field_14-time-error\" aria-describedby=\"wpforms-24046-field_14-description\" required><div id=\"wpforms-24046-field_14-description\" class=\"wpforms-field-description\">Hora de chegada ao local de partida<\/div><\/div><\/div><\/div><\/div><\/div><div id=\"wpforms-24046-field_25-container\" class=\"wpforms-field wpforms-field-layout\" data-field-id=\"25\"><div class=\"wpforms-field-layout-rows wpforms-field-large\"><div class=\"wpforms-layout-row\"><div class=\"wpforms-layout-column wpforms-layout-column-50\"><div id=\"wpforms-24046-field_15-container\" class=\"wpforms-field wpforms-field-number\" data-field-id=\"15\"><label class=\"wpforms-field-label\" for=\"wpforms-24046-field_15\">N\u00famero de pessoas <span class=\"wpforms-required-label\" aria-hidden=\"true\">*<\/span><\/label><input type=\"number\" id=\"wpforms-24046-field_15\" class=\"wpforms-field-large wpforms-field-required\" name=\"wpforms[fields][15]\" step=\"any\" aria-errormessage=\"wpforms-24046-field_15-error\" required><\/div><\/div><div class=\"wpforms-layout-column wpforms-layout-column-50\"><div id=\"wpforms-24046-field_16-container\" class=\"wpforms-field wpforms-field-text\" data-field-id=\"16\"><label class=\"wpforms-field-label\" for=\"wpforms-24046-field_16\">Detalhes do tour\n\n<\/label><input type=\"text\" id=\"wpforms-24046-field_16\" class=\"wpforms-field-large\" name=\"wpforms[fields][16]\" aria-errormessage=\"wpforms-24046-field_16-error\" ><\/div><\/div><\/div><\/div><\/div><div id=\"wpforms-24046-field_27-container\" class=\"wpforms-field wpforms-field-layout\" data-field-id=\"27\"><div class=\"wpforms-field-layout-rows wpforms-field-large\"><div class=\"wpforms-layout-row\"><div class=\"wpforms-layout-column wpforms-layout-column-50\"><div id=\"wpforms-24046-field_17-container\" class=\"wpforms-field wpforms-field-text\" data-field-id=\"17\"><label class=\"wpforms-field-label\" for=\"wpforms-24046-field_17\">Notas<\/label><input type=\"text\" id=\"wpforms-24046-field_17\" class=\"wpforms-field-large\" name=\"wpforms[fields][17]\" aria-errormessage=\"wpforms-24046-field_17-error\" ><\/div><\/div><div class=\"wpforms-layout-column wpforms-layout-column-50\"><div id=\"wpforms-24046-field_18-container\" class=\"wpforms-field wpforms-field-file-upload\" data-field-id=\"18\"><label class=\"wpforms-field-label\" for=\"wpforms-24046-field_18\">Documentos anexos<\/label><input type=\"file\" id=\"wpforms-24046-field_18\" data-rule-extension=\"png,gif,jpg,doc,xls,ppt,pdf\" data-rule-maxsize=\"4194304\" name=\"wpforms_24046_18\" accept=\".png,.gif,.jpg,.doc,.xls,.ppt,.pdf\" aria-errormessage=\"wpforms-24046-field_18-error\" aria-describedby=\"wpforms-24046-field_18-description\" ><div id=\"wpforms-24046-field_18-description\" class=\"wpforms-field-description\">por exemplo, plano de viagem<\/div><\/div><\/div><\/div><\/div><\/div><div id=\"wpforms-24046-field_19-container\" class=\"wpforms-field wpforms-field-html\" data-field-id=\"19\"><div id=\"wpforms-24046-field_19\" aria-errormessage=\"wpforms-24046-field_19-error\"><b>Bagagem<\/b><\/div><\/div><div id=\"wpforms-24046-field_20-container\" class=\"wpforms-field wpforms-field-radio\" data-field-id=\"20\"><fieldset><legend class=\"wpforms-field-label\">Voc\u00ea precisa carregar as bagagens? <span class=\"wpforms-required-label\" aria-hidden=\"true\">*<\/span><\/legend><ul id=\"wpforms-24046-field_20\" class=\"wpforms-field-required\"><li class=\"choice-1 depth-1\"><input type=\"radio\" id=\"wpforms-24046-field_20_1\" name=\"wpforms[fields][20]\" value=\"Sim\" aria-errormessage=\"wpforms-24046-field_20_1-error\" required ><label class=\"wpforms-field-label-inline\" for=\"wpforms-24046-field_20_1\">Sim<\/label><\/li><li class=\"choice-3 depth-1\"><input type=\"radio\" id=\"wpforms-24046-field_20_3\" name=\"wpforms[fields][20]\" value=\"N\u00e3o\" aria-errormessage=\"wpforms-24046-field_20_3-error\" required ><label class=\"wpforms-field-label-inline\" for=\"wpforms-24046-field_20_3\">N\u00e3o<\/label><\/li><\/ul><\/fieldset><\/div><div id=\"wpforms-24046-field_21-container\" class=\"wpforms-field wpforms-field-text\" data-field-id=\"21\"><label class=\"wpforms-field-label\" for=\"wpforms-24046-field_21\">Tipos e n\u00famero de bagagens, se necess\u00e1rio<\/label><input type=\"text\" id=\"wpforms-24046-field_21\" class=\"wpforms-field-large\" name=\"wpforms[fields][21]\" aria-errormessage=\"wpforms-24046-field_21-error\" aria-describedby=\"wpforms-24046-field_21-description\" ><div id=\"wpforms-24046-field_21-description\" class=\"wpforms-field-description\">por exemplo, 30 equipamentos esportivos<\/div><\/div><div id=\"wpforms-24046-field_10-container\" class=\"wpforms-field wpforms-field-checkbox\" data-field-id=\"10\"><fieldset><legend class=\"wpforms-field-label wpforms-label-hide\" aria-hidden=\"false\">Privacy policy <span class=\"wpforms-required-label\" aria-hidden=\"true\">*<\/span><\/legend><ul id=\"wpforms-24046-field_10\" class=\"wpforms-field-required\"><li class=\"choice-1 depth-1\"><input type=\"checkbox\" id=\"wpforms-24046-field_10_1\" name=\"wpforms[fields][10][]\" value=\"Li e aceito a &lt;a href=&quot;https:\/\/www.zaniviaggi.com\/pt-pt\/privacy-policy\/&quot; target=&quot;_blank&quot;&gt;pol\u00edtica de privacidade&lt;\/a&gt;.\" aria-errormessage=\"wpforms-24046-field_10_1-error\" required ><label class=\"wpforms-field-label-inline\" for=\"wpforms-24046-field_10_1\">Li e aceito a <a href=\"https:\/\/www.zaniviaggi.com\/pt-pt\/privacy-policy\/\" target=\"_blank\">pol\u00edtica de privacidade<\/a>.<\/label><\/li><\/ul><\/fieldset><\/div><\/div><!-- .wpforms-field-container --><div class=\"wpforms-submit-container\" ><input type=\"hidden\" name=\"wpforms[id]\" value=\"24046\"><input type=\"hidden\" name=\"page_title\" value=\"\"><input type=\"hidden\" name=\"page_url\" value=\"https:\/\/www.zaniviaggi.com\/pt-pt\/wp-json\/wp\/v2\/pages\/23006\"><input type=\"hidden\" name=\"url_referer\" value=\"\"><button type=\"submit\" name=\"wpforms[submit]\" id=\"wpforms-submit-24046\" class=\"wpforms-submit\" data-alt-text=\"Enviar\" data-submit-text=\"Enviar\" aria-live=\"assertive\" value=\"wpforms-submit\">Enviar<\/button><img decoding=\"async\" src=\"https:\/\/www.zaniviaggi.com\/wp-content\/plugins\/wpforms\/assets\/images\/submit-spin.svg\" class=\"wpforms-submit-spinner\" style=\"display: none;\" width=\"26\" height=\"26\" alt=\"Loading\" title=\"\"><\/div><\/form><\/div>  <!-- .wpforms-container --><\/div>\n\t\t\t\t\t\t<\/div>\n\t\t\t\t<\/div>\n\t\t\t\t\t<\/div>\n\t\t\t\t<\/div>\n\t\t\t\t<\/div>\n\t\t","protected":false},"excerpt":{"rendered":"<p>Viaje sem preocupa\u00e7\u00f5es com \u00f4nibus e minivans Zani Viaggi Organizar o transporte do grupo n\u00e3o \u00e9 f\u00e1cil. \u00c9 preciso pensar no roteiro, cuidar da organiza\u00e7\u00e3o de pessoas, bagagens, procurar motoristas e documentos. Com o servi\u00e7o de aluguel de \u00f4nibus, cuidamos de todas as dificuldades relacionadas ao transporte de qualquer n\u00famero de passageiros na It\u00e1lia e [&hellip;]<\/p>\n","protected":false},"author":1,"featured_media":0,"parent":0,"menu_order":0,"comment_status":"closed","ping_status":"closed","template":"elementor_header_footer","meta":{"_acf_changed":false,"footnotes":""},"class_list":["post-23006","page","type-page","status-publish","hentry"],"acf":[],"_links":{"self":[{"href":"https:\/\/www.zaniviaggi.com\/pt-pt\/wp-json\/wp\/v2\/pages\/23006","targetHints":{"allow":["GET"]}}],"collection":[{"href":"https:\/\/www.zaniviaggi.com\/pt-pt\/wp-json\/wp\/v2\/pages"}],"about":[{"href":"https:\/\/www.zaniviaggi.com\/pt-pt\/wp-json\/wp\/v2\/types\/page"}],"author":[{"embeddable":true,"href":"https:\/\/www.zaniviaggi.com\/pt-pt\/wp-json\/wp\/v2\/users\/1"}],"replies":[{"embeddable":true,"href":"https:\/\/www.zaniviaggi.com\/pt-pt\/wp-json\/wp\/v2\/comments?post=23006"}],"version-history":[{"count":16,"href":"https:\/\/www.zaniviaggi.com\/pt-pt\/wp-json\/wp\/v2\/pages\/23006\/revisions"}],"predecessor-version":[{"id":24251,"href":"https:\/\/www.zaniviaggi.com\/pt-pt\/wp-json\/wp\/v2\/pages\/23006\/revisions\/24251"}],"wp:attachment":[{"href":"https:\/\/www.zaniviaggi.com\/pt-pt\/wp-json\/wp\/v2\/media?parent=23006"}],"curies":[{"name":"wp","href":"https:\/\/api.w.org\/{rel}","templated":true}]}}