{"id":22967,"date":"2024-06-03T15:15:35","date_gmt":"2024-06-03T13:15:35","guid":{"rendered":"https:\/\/www.zaniviaggi.com\/privacy-policy\/"},"modified":"2024-12-17T14:26:55","modified_gmt":"2024-12-17T13:26:55","slug":"privacy-policy","status":"publish","type":"page","link":"https:\/\/www.zaniviaggi.com\/pt-pt\/privacy-policy\/","title":{"rendered":"Privacy policy"},"content":{"rendered":"\t\t<div data-elementor-type=\"wp-page\" data-elementor-id=\"22967\" class=\"elementor elementor-22967 elementor-9300\" data-elementor-post-type=\"page\">\n\t\t\t\t<div class=\"elementor-element elementor-element-966930d e-flex e-con-boxed e-con e-parent\" data-id=\"966930d\" data-element_type=\"container\" data-e-type=\"container\">\n\t\t\t\t\t<div class=\"e-con-inner\">\n\t\t<div class=\"elementor-element elementor-element-a5710c2 e-con-full e-flex e-con e-child\" data-id=\"a5710c2\" data-element_type=\"container\" data-e-type=\"container\">\n\t\t\t\t<div class=\"elementor-element elementor-element-5dbc0ed elementor-widget elementor-widget-shortcode\" data-id=\"5dbc0ed\" data-element_type=\"widget\" data-e-type=\"widget\" data-widget_type=\"shortcode.default\">\n\t\t\t\t<div class=\"elementor-widget-container\">\n\t\t\t\t\t\t\t<div class=\"elementor-shortcode\"><nav aria-label=\"breadcrumbs\" class=\"rank-math-breadcrumb\"><p><span class=\"last\">Home<\/span><\/p><\/nav><\/div>\n\t\t\t\t\t\t<\/div>\n\t\t\t\t<\/div>\n\t\t\t\t<div class=\"elementor-element elementor-element-2007af2 elementor-widget elementor-widget-heading\" data-id=\"2007af2\" data-element_type=\"widget\" data-e-type=\"widget\" data-widget_type=\"heading.default\">\n\t\t\t\t<div class=\"elementor-widget-container\">\n\t\t\t\t\t<h1 class=\"elementor-heading-title elementor-size-default\">Privacy policy<\/h1>\t\t\t\t<\/div>\n\t\t\t\t<\/div>\n\t\t\t\t<div class=\"elementor-element elementor-element-c97d110 elementor-widget elementor-widget-text-editor\" data-id=\"c97d110\" data-element_type=\"widget\" data-e-type=\"widget\" data-widget_type=\"text-editor.default\">\n\t\t\t\t<div class=\"elementor-widget-container\">\n\t\t\t\t\t\t\t\t\t<p><strong>INFORMA\u00c7\u00d5ES SOBRE A PROTE\u00c7\u00c3O DE DADOS PESSOAIS NOS TERMOS DOS ARTIGOS 13, 14 DO REGULAMENTO DA UE 2016\/679<\/strong><\/p><p>As informa\u00e7\u00f5es fornecidas abaixo descrevem, conforme exigido pelo Regulamento da UE 2016\/679 (Regulamento Geral de Prote\u00e7\u00e3o de Dados \u2013 doravante RGPD), como a nossa empresa processa dados pessoais, ou seja, informa\u00e7\u00f5es relacionadas a uma pessoa f\u00edsica identificada ou identific\u00e1vel (titular dos dados).<\/p><p><strong>1. CONTROLADOR DE DADOS<\/strong>\u00a0<\/p><p>O controlador de dados \u00e9 Zani Viaggi (N\u00daMERO DE IVA 02594070167), localizado na via Magni 2\/A \u2013 24125 Bergamo \u2013 It\u00e1lia, atuando por seu representante legal, Sr.\/Sra. Giovanna Marilena Zani.<\/p><p><strong>2. PROCESSAMENTO DE DADOS E FINALIDADES DO PROCESSAMENTO<\/strong>\u00a0<\/p><p>Os dados pessoais s\u00e3o processados de acordo com o RGPD, de maneira l\u00edcita, justa e transparente em rela\u00e7\u00e3o ao titular dos dados. O processamento \u00e9 qualquer opera\u00e7\u00e3o ou conjunto de opera\u00e7\u00f5es realizadas com dados pessoais, como coleta, registro, organiza\u00e7\u00e3o, estrutura\u00e7\u00e3o, armazenamento, adapta\u00e7\u00e3o ou altera\u00e7\u00e3o, recupera\u00e7\u00e3o, consulta, uso, divulga\u00e7\u00e3o por transmiss\u00e3o, restri\u00e7\u00e3o, apagamento, destrui\u00e7\u00e3o. O processamento tamb\u00e9m pode ser automatizado, incluindo a cria\u00e7\u00e3o de perfis. Os dados pessoais s\u00e3o processados para as seguintes finalidades:<\/p><p>\u2013 execu\u00e7\u00e3o de um contrato do qual o titular dos dados \u00e9 parte;<\/p><p>\u2013 ado\u00e7\u00e3o de medidas a pedido do titular dos dados antes de celebrar um contrato;<\/p><p>\u2013 salvamento e armazenamento de dados pessoais nos suportes do controlador;<\/p><p>\u2013 processamento automatizado, incluindo a cria\u00e7\u00e3o de perfis;<\/p><p>\u2013 finalidades de marketing direto (como envio de publicidade, ofertas, promo\u00e7\u00f5es, \u2026);<\/p><p>\u2013 execu\u00e7\u00e3o de processos comerciais (como pagamento, processamento de cart\u00e3o de cr\u00e9dito, \u2026);<\/p><p>\u2013 cumprimento de obriga\u00e7\u00f5es legais (como obriga\u00e7\u00f5es fiscais).<\/p><p><strong>3. FINALIDADES DE MARKETING<\/strong><\/p><p>1. Com o seu consentimento, os dados pessoais podem ser processados para finalidades de marketing direto, como realiza\u00e7\u00e3o de pesquisas de mercado, envio de publicidade, ofertas e promo\u00e7\u00f5es, assinatura da nossa newsletter (e-mail, SMS, WhatsApp).<\/p><p>2. O consentimento \u00e9 opcional para finalidades de marketing direto, sem consequ\u00eancias para o processamento de reservas de viagem e outras finalidades mencionadas acima.<\/p><p>3. A filosofia da empresa \u00e9 inspirada no marketing de permiss\u00e3o: nossas comunica\u00e7\u00f5es s\u00e3o enviadas com o seu consentimento e n\u00e3o devem ser invasivas.<\/p><p>4. O titular dos dados tem o direito de se opor a qualquer momento ao processamento de dados pessoais que lhe digam respeito para finalidades de marketing direto, de acordo com o artigo 21 do RGPD.<\/p><p><strong>4. BASE LEGAL PARA O PROCESSAMENTO<\/strong><\/p><p>1. As bases legais para o processamento de dados pessoais s\u00e3o:<\/p><p>\u2013 que o processamento \u00e9 necess\u00e1rio para a execu\u00e7\u00e3o de um contrato do qual o viajante \u00e9 parte, de acordo com as finalidades 2.a), 2.c), 2.f);<\/p><p>\u2013 que o processamento \u00e9 necess\u00e1rio para cumprir as etapas solicitadas pelo viajante antes de celebrar um contrato, de acordo com a finalidade 2.b);<\/p><p>\u2013 o consentimento do titular dos dados de acordo com as finalidades 2.d), 2.e) e tamb\u00e9m para o processamento de categorias especiais de dados pessoais de acordo com o artigo 9 do RGPD;<\/p><p>\u2013 que o processamento \u00e9 necess\u00e1rio para o cumprimento de uma obriga\u00e7\u00e3o legal \u00e0 qual o controlador est\u00e1 sujeito, de acordo com a finalidade 2.g);<\/p><p>\u2013 que o processamento \u00e9 necess\u00e1rio para a finalidade de um interesse leg\u00edtimo perseguido pelo controlador ou por um terceiro, exceto quando esse interesse leg\u00edtimo for superado pelos interesses, direitos fundamentais e liberdades do titular dos dados.<\/p><p>2. Exceto no que diz respeito \u00e0s finalidades de marketing direto, a comunica\u00e7\u00e3o de dados \u00e9 um requisito contratual para satisfazer os pedidos do viajante e processar reservas de viagem e outras finalidades mencionadas acima. O titular dos dados \u00e9 obrigado a fornecer dados pessoais: a falha em fornecer esses dados pode impedir as performances mencionadas acima.<\/p><p><span style=\"color: var( --e-global-color-text ); font-family: var( --e-global-typography-text-font-family ), Sans-serif; font-size: var( --e-global-typography-text-font-size ); text-align: var(--text-align);\"><b>5.\u00a0<\/b><\/span><strong style=\"color: var( --e-global-color-text ); font-family: var( --e-global-typography-text-font-family ), Sans-serif; font-size: var( --e-global-typography-text-font-size ); text-align: var(--text-align);\">DIREITO DE RETIRAR O CONSENTIMENTO<\/strong><\/p><p>O titular dos dados tem o direito de retirar o seu consentimento a qualquer momento, de acordo com o artigo 7 do RGPD. A retirada do consentimento n\u00e3o afeta a legalidade do processamento com base no consentimento antes da sua retirada. Antes de dar o consentimento, o titular dos dados deve ser informado disso. Deve ser t\u00e3o f\u00e1cil retirar o consentimento quanto d\u00e1-lo.<\/p><p><span style=\"color: var( --e-global-color-text ); font-family: var( --e-global-typography-text-font-family ), Sans-serif; font-size: var( --e-global-typography-text-font-size ); text-align: var(--text-align);\"><b>6.\u00a0<\/b><\/span><strong style=\"color: var( --e-global-color-text ); font-family: var( --e-global-typography-text-font-family ), Sans-serif; font-size: var( --e-global-typography-text-font-size ); text-align: var(--text-align);\">RETEN\u00c7\u00c3O DE DADOS<\/strong><\/p><p>O controlador ret\u00e9m os dados pessoais pelo tempo necess\u00e1rio para cumprir as finalidades para as quais foram coletados (por exemplo, processamento de reservas de viagem). O controlador tamb\u00e9m deve reter os dados pessoais pelo per\u00edodo de prescri\u00e7\u00e3o estabelecido por lei para o exerc\u00edcio ou defesa de reivindica\u00e7\u00f5es legais e pelo per\u00edodo imposto por lei, para satisfazer quaisquer requisitos legais (por exemplo, 10 anos de acordo com a legisla\u00e7\u00e3o fiscal).<\/p><p><span style=\"color: var( --e-global-color-text ); font-family: var( --e-global-typography-text-font-family ), Sans-serif; font-size: var( --e-global-typography-text-font-size ); text-align: var(--text-align);\"><b>7.\u00a0<\/b><\/span><strong style=\"color: var( --e-global-color-text ); font-family: var( --e-global-typography-text-font-family ), Sans-serif; font-size: var( --e-global-typography-text-font-size ); text-align: var(--text-align);\">CATEGORIAS DE DADOS PESSOAIS ENVOLVIDOS NO PROCESSAMENTO<\/strong><\/p><p>1. O processamento envolve dados pessoais como nome, sobrenome, endere\u00e7o, n\u00famero de telefone, c\u00f3digo fiscal, dados banc\u00e1rios.<\/p><p>2. O processamento tamb\u00e9m pode envolver categorias especiais de dados pessoais, de acordo com o artigo 9 do RGPD, revelando origem racial ou \u00e9tnica, opini\u00f5es pol\u00edticas, cren\u00e7as religiosas ou filos\u00f3ficas, ou filia\u00e7\u00e3o sindical, dados gen\u00e9ticos, dados biom\u00e9tricos para identificar exclusivamente uma pessoa f\u00edsica, dados sobre sa\u00fade ou dados sobre a vida sexual ou orienta\u00e7\u00e3o sexual de uma pessoa f\u00edsica. O processamento tamb\u00e9m pode envolver dados relacionados a condena\u00e7\u00f5es criminais e infra\u00e7\u00f5es, de acordo com o artigo 10 do RGPD.<\/p><p><span style=\"color: var( --e-global-color-text ); font-family: var( --e-global-typography-text-font-family ), Sans-serif; font-size: var( --e-global-typography-text-font-size ); text-align: var(--text-align);\"><b>8.\u00a0<\/b><\/span><strong style=\"color: var( --e-global-color-text ); font-family: var( --e-global-typography-text-font-family ), Sans-serif; font-size: var( --e-global-typography-text-font-size ); text-align: var(--text-align);\">COM QUEM OS DADOS PESSOAIS S\u00c3O COMPARTILHADOS<\/strong><\/p><p>1. O controlador pode compartilhar dados pessoais com:<\/p><p>\u2013 terceiros envolvidos na transa\u00e7\u00e3o, outras partes interessadas do setor (por exemplo, IATA, empresas de viagens, \u2026) e parceiros que atuam em seu nome, conforme necess\u00e1rio para executar o contrato que o controlador tem com os viajantes;<\/p><p>\u2013 fornecedores de software;<\/p><p>\u2013 servi\u00e7os de tecnologia, servi\u00e7os de seguran\u00e7a, consultores profissionais jur\u00eddicos, financeiros\/cont\u00e1beis e outros semelhantes;<\/p><p>\u2013 bancos e institui\u00e7\u00f5es financeiras para executar processos comerciais (como pagamento, processamento de cart\u00e3o de cr\u00e9dito, \u2026);<\/p><p>\u00a0\u2013 companhias de seguros;<\/p><p>\u2013 Autoridades nomeadas para a prote\u00e7\u00e3o de pessoas f\u00edsicas em rela\u00e7\u00e3o ao processamento de dados pessoais ou em outras quest\u00f5es que envolvam dados pessoais (por exemplo, pol\u00edcia financeira, Garante per la protezione dei dati personali, \u2026).<\/p><p>2. O compartilhamento de dados pessoais pode envolver a transfer\u00eancia de dados para fora da UE, como a transmiss\u00e3o de dados para um hotel localizado em um pa\u00eds terceiro.<\/p><p>3. O titular dos dados aprova a transmiss\u00e3o de seus dados pessoais para os indiv\u00edduos mencionados acima, mesmo que estejam localizados em um pa\u00eds terceiro. O titular dos dados \u00e9 informado de que, em pa\u00edses terceiros, os direitos legais estabelecidos pelo RGPD podem n\u00e3o ser exercidos.<\/p><p><span style=\"color: var( --e-global-color-text ); font-family: var( --e-global-typography-text-font-family ), Sans-serif; font-size: var( --e-global-typography-text-font-size ); text-align: var(--text-align);\"><b>9.\u00a0<\/b><\/span><strong style=\"color: var( --e-global-color-text ); font-family: var( --e-global-typography-text-font-family ), Sans-serif; font-size: var( --e-global-typography-text-font-size ); text-align: var(--text-align);\">DIREITOS DO TITULAR DOS DADOS. DIREITO DE OPOSI\u00c7\u00c3O.<\/strong><\/p><p>1. O titular dos dados tem os seguintes direitos:<\/p><p>\u2013 direito de acesso (artigo 15 RGPD): obter informa\u00e7\u00f5es sobre os dados pessoais em processamento, como a finalidade do processamento, o tempo de reten\u00e7\u00e3o dos dados; obter uma c\u00f3pia gratuita dos dados pessoais<\/p><p>\u2013 direito de retifica\u00e7\u00e3o de dados pessoais inexatos, sem demora injustificada (artigo 16 RGPD)<\/p><p>\u2013 direito ao apagamento (direito ao esquecimento) dos dados pessoais que lhe dizem respeito, sem demora injustificada (artigo 17 RGPD)<\/p><p>\u2013 direito \u00e0 limita\u00e7\u00e3o do processamento, como quando o titular dos dados contesta a exatid\u00e3o dos dados pessoais, por um per\u00edodo que permita ao controlador verificar a exatid\u00e3o dos dados pessoais (artigo 18 RGPD)<\/p><p>\u2013 direito \u00e0 portabilidade dos dados: receber os dados pessoais que o titular dos dados forneceu a um controlador, em um formato estruturado, de uso comum e leg\u00edvel por m\u00e1quina, e ter o direito de transmitir esses dados a outro controlador sem impedimentos do controlador ao qual os dados pessoais foram fornecidos (artigo 20 RGPD)<\/p><p>\u2013 direito de n\u00e3o ser sujeito a uma decis\u00e3o baseada unicamente no processamento automatizado, incluindo a cria\u00e7\u00e3o de perfis, que produza efeitos legais em rela\u00e7\u00e3o ao titular dos dados (artigo 22 RGPD)<\/p><p>\u2013 direito de apresentar uma reclama\u00e7\u00e3o a uma autoridade de supervis\u00e3o (por exemplo, Garante per la protezione dei dati personali) (artigo 77 RGPD)<\/p><p>\u2013 direito a um recurso judicial efetivo contra uma autoridade de supervis\u00e3o ou contra um controlador ou processador (artigos 78, 79 RGPD).<\/p><p>2. O titular dos dados tem o direito de se opor, por motivos relacionados \u00e0 sua situa\u00e7\u00e3o particular, a qualquer momento ao processamento de dados pessoais que lhe digam respeito (artigo 21 RGPD). Quando os dados pessoais s\u00e3o processados para finalidades de marketing direto, o titular dos dados tem o direito de se opor a qualquer momento ao processamento de dados pessoais que lhe digam respeito para tais finalidades: os dados pessoais n\u00e3o ser\u00e3o mais processados para finalidades de marketing direto.<\/p><p>3. Para exercer os direitos mencionados acima, entre em contato com o departamento de privacidade em privacy@zaniviaggi.it ou escreva para Zani Viaggi \u2013 Departamento de Privacidade, via Magni 2\/A, 24125 Bergamo \u2013 It\u00e1lia.<\/p>\t\t\t\t\t\t\t\t<\/div>\n\t\t\t\t<\/div>\n\t\t\t\t<\/div>\n\t\t\t\t\t<\/div>\n\t\t\t\t<\/div>\n\t\t\t\t<\/div>\n\t\t","protected":false},"excerpt":{"rendered":"<p>Privacy policy INFORMA\u00c7\u00d5ES SOBRE A PROTE\u00c7\u00c3O DE DADOS PESSOAIS NOS TERMOS DOS ARTIGOS 13, 14 DO REGULAMENTO DA UE 2016\/679 As informa\u00e7\u00f5es fornecidas abaixo descrevem, conforme exigido pelo Regulamento da UE 2016\/679 (Regulamento Geral de Prote\u00e7\u00e3o de Dados \u2013 doravante RGPD), como a nossa empresa processa dados pessoais, ou seja, informa\u00e7\u00f5es relacionadas a uma pessoa [&hellip;]<\/p>\n","protected":false},"author":1,"featured_media":0,"parent":0,"menu_order":0,"comment_status":"closed","ping_status":"closed","template":"elementor_header_footer","meta":{"_acf_changed":false,"footnotes":""},"class_list":["post-22967","page","type-page","status-publish","hentry"],"acf":[],"_links":{"self":[{"href":"https:\/\/www.zaniviaggi.com\/pt-pt\/wp-json\/wp\/v2\/pages\/22967","targetHints":{"allow":["GET"]}}],"collection":[{"href":"https:\/\/www.zaniviaggi.com\/pt-pt\/wp-json\/wp\/v2\/pages"}],"about":[{"href":"https:\/\/www.zaniviaggi.com\/pt-pt\/wp-json\/wp\/v2\/types\/page"}],"author":[{"embeddable":true,"href":"https:\/\/www.zaniviaggi.com\/pt-pt\/wp-json\/wp\/v2\/users\/1"}],"replies":[{"embeddable":true,"href":"https:\/\/www.zaniviaggi.com\/pt-pt\/wp-json\/wp\/v2\/comments?post=22967"}],"version-history":[{"count":10,"href":"https:\/\/www.zaniviaggi.com\/pt-pt\/wp-json\/wp\/v2\/pages\/22967\/revisions"}],"predecessor-version":[{"id":36692,"href":"https:\/\/www.zaniviaggi.com\/pt-pt\/wp-json\/wp\/v2\/pages\/22967\/revisions\/36692"}],"wp:attachment":[{"href":"https:\/\/www.zaniviaggi.com\/pt-pt\/wp-json\/wp\/v2\/media?parent=22967"}],"curies":[{"name":"wp","href":"https:\/\/api.w.org\/{rel}","templated":true}]}}