{"id":9300,"date":"2024-06-03T15:15:35","date_gmt":"2024-06-03T13:15:35","guid":{"rendered":"https:\/\/www.zaniviaggi.com\/?page_id=9300"},"modified":"2025-07-31T17:44:07","modified_gmt":"2025-07-31T15:44:07","slug":"privacy-policy","status":"publish","type":"page","link":"https:\/\/www.zaniviaggi.com\/it\/privacy-policy\/","title":{"rendered":"Privacy policy"},"content":{"rendered":"\t\t<div data-elementor-type=\"wp-page\" data-elementor-id=\"9300\" class=\"elementor elementor-9300\" data-elementor-post-type=\"page\">\n\t\t\t\t<div class=\"elementor-element elementor-element-966930d e-flex e-con-boxed e-con e-parent\" data-id=\"966930d\" data-element_type=\"container\" data-e-type=\"container\">\n\t\t\t\t\t<div class=\"e-con-inner\">\n\t\t<div class=\"elementor-element elementor-element-a5710c2 e-con-full e-flex e-con e-child\" data-id=\"a5710c2\" data-element_type=\"container\" data-e-type=\"container\">\n\t\t\t\t<div class=\"elementor-element elementor-element-5dbc0ed elementor-widget elementor-widget-shortcode\" data-id=\"5dbc0ed\" data-element_type=\"widget\" data-e-type=\"widget\" data-widget_type=\"shortcode.default\">\n\t\t\t\t<div class=\"elementor-widget-container\">\n\t\t\t\t\t\t\t<div class=\"elementor-shortcode\"><nav aria-label=\"breadcrumbs\" class=\"rank-math-breadcrumb\"><p><span class=\"last\">Home<\/span><\/p><\/nav><\/div>\n\t\t\t\t\t\t<\/div>\n\t\t\t\t<\/div>\n\t\t\t\t<div class=\"elementor-element elementor-element-064af15 elementor-widget elementor-widget-heading\" data-id=\"064af15\" data-element_type=\"widget\" data-e-type=\"widget\" data-widget_type=\"heading.default\">\n\t\t\t\t<div class=\"elementor-widget-container\">\n\t\t\t\t\t<h1 class=\"elementor-heading-title elementor-size-default\">Privacy policy<\/h1>\t\t\t\t<\/div>\n\t\t\t\t<\/div>\n\t\t\t\t<div class=\"elementor-element elementor-element-406de92 elementor-widget elementor-widget-text-editor\" data-id=\"406de92\" data-element_type=\"widget\" data-e-type=\"widget\" data-widget_type=\"text-editor.default\">\n\t\t\t\t<div class=\"elementor-widget-container\">\n\t\t\t\t\t\t\t\t\t<p>Ai sensi dell\u2019art. 13 Regolamento UE 2016\/679 relativo alla protezione delle persone fisiche con riguardo al trattamento dei dati personali La informiamo di quanto segue:<\/p><p><strong>1. TITOLARE DEL TRATTAMENTO<\/strong><\/p><p>Il titolare del trattamento \u00e8 Zani Viaggi (C.F. e P.I.02594070167), sede legale in via Magni 2\/A, tel. 035 678600 \u2013 fax 035 678799, e-mail\u00a0privacy@zaniviaggi.it, in persona di Giovanna Marilena Zani.<\/p><p><strong>2. ATTIVIT\u00c0, MODALIT\u00c0 E FINALIT\u00c0 DEL TRATTAMENTO<\/strong><\/p><p>I dati personali trattati dal titolare del trattamento sono raccolti direttamente presso gli utenti del sito web, attraverso la loro registrazione al sito, al servizio di invio di newsletter, previa specifica manifestazione di consenso, al servizio di richiesta di informazioni o di formulazione ed invio di un preventivo.<\/p><p>Anche la sola navigazione sul sito web pu\u00f2 implicare acquisizione e trattamento di dati personali degli utenti attraverso l\u2019utilizzo di cookies. Al riguardo, si richiama la cookies policy pubblicata sul sito.<\/p><p>Il trattamento \u00e8 effettuato in conformit\u00e0 con la normativa richiamata e consiste nell\u2019acquisizione, raccolta, elaborazione, profilazione, conservazione, archivio, consultazione, comunicazione di dati personali nei limiti e con le finalit\u00e0 seguenti:<\/p><ol><li>esecuzione del contratto stipulato con l\u2019interessato;<\/li><li>formulazione di preventivi ed offerte;<\/li><li>archiviazione dei dati personali su supporti informatici e cartacei;<\/li><li>profilazione per l\u2019offerta di prodotti e servizi personalizzata;<\/li><li>invio di newsletter e di comunicazioni commerciali;<\/li><li>gestione degli aspetti economici del contratto (pagamento, incassi, ecc.)<\/li><li>adempimento degli obblighi legislativi tra i quali obblighi tributari, fiscali, assicurativi, antiriciclaggio, ivi compresi obblighi di conservazione ai fini fiscali ed altri fini previsti dalla legge;<\/li><\/ol><p>\u00a0<strong>3. COMUNICAZIONI COMMERCIALI<\/strong><\/p><p>1. Previo Suo consenso, i dati personali forniti potranno essere utilizzati dal titolare per finalit\u00e0 commerciali e, specificamente, per il compimento di ricerche di mercato, per l\u2019invio di comunicazioni commerciali, per l\u2019iscrizione a newsletter (e-mail, SMS, WhatsApp).<\/p><p>2. Il consenso in relazione a tale finalit\u00e0 del trattamento \u00e8 facoltativo. Il rifiuto non comporta alcuna conseguenza per la corretta esecuzione del presente contratto.<\/p><p>3. Con riguardo alle finalit\u00e0 commerciali, il titolare informa l\u2019interessato che il trattamento si ispira alla filosofia del\u00a0<em>permission marketing<\/em>: le nostre comunicazioni commerciali saranno inviate, previo Suo espresso consenso; saranno mirate ai Suoi interessi; non saranno invasive.<\/p><p>4. Il titolare informa l\u2019interessato che ha la facolt\u00e0 di opporsi in ogni momento, senza formalit\u00e0, al trattamento con finalit\u00e0 di marketing, come indicato al punto 9.2.<\/p><p><strong>4. BASE GIURIDICA DEL TRATTAMENTO<\/strong><\/p><p>1. La base giuridica dei trattamenti effettuati dal titolare del trattamento \u00e8 costituita da:<\/p><p>\u2013 \u00a0esecuzione del contratto o di misure precontrattuali (2.a, 2.b, 2.c, 2.f)<br \/>\u2013 consenso dell\u2019interessato (2.d, 2.e, 3, 7.2)<br \/>\u2013 adempimento di obblighi di legge (2.f)<br \/>\u2013 interesse legittimo del titolare del trattamento quando non prevalgano gli interessi o i diritti e le libert\u00e0 fondamentali dell\u2019interessato.<\/p><p>2. Salvo quanto indicato al punto 3, il conferimento dei dati personali \u00e8 facoltativo ma l\u2019eventuale rifiuto a fornirli pu\u00f2 rendere impossibile la conclusione e la successiva esecuzione del contratto.<\/p><p><strong>5. REVOCA DEL CONSENSO<\/strong><\/p><p>L\u2019interessato ha diritto di revocare il consenso prestato ai sensi dell\u2019art. 7 Regolamento, senza che ci\u00f2 pregiudichi il trattamento effettuato prima della revoca stessa. Se il trattamento ha altra base giuridica rispetto al consenso, il trattamento proseguir\u00e0 legittimamente sulla scorta di tale diversa base giuridica. Sono fatti salvi gli obblighi di legge e normativi cui \u00e8 sottoposto il titolare del trattamento.<\/p><p><strong>6. CONSERVAZIONE DEI DATI<\/strong><\/p><p>Il titolare conserva i dati personali per la durata del rapporto contrattuale. Il titolare pu\u00f2 conservare i dati personali per il periodo di tempo previsto e ammesso dalla legge nazionale a tutela dei propri interessi (anche per difendere eventuali propri diritti in sede giudiziaria). Sono fatti salvi obblighi legislativi di conservazione per un pi\u00f9 ampio periodo di tempo, con particolare riguardo alla normativa fiscale e tributaria.<\/p><p><strong>7. CATEGORIE DI DATI TRATTATI. DATI SENSIBILI<\/strong><\/p><p>1. Le categorie dei dati personali trattati sono le seguenti: dati anagrafici; recapiti telefonici ed altri recapiti; coordinate bancarie.<\/p><p>2. Tra i dati personali trattati rientrano i dati sensibili ai sensi dell\u2019art. 9 Regolamento, in particolare: dati inerenti alla salute; dati biometrici; dati inerenti all\u2019orientamento religioso; dati idonei a rivelare l\u2019origine razziale o etnica. Il trattamento pu\u00f2 estendersi a dati relativi a condanne penali o reati ai sensi dell\u2019art. 10 Regolamento.<\/p><p><strong>8. COMUNICAZIONE DEI DATI PERSONALI. DESTINATARI IN PAESI TERZI<\/strong><\/p><p>1. Destinatari dei dati personali da Lei forniti al titolare del trattamento potranno essere:<\/p><p>\u2013 tour operator, strutture ricettive, vettori di trasporto ed altri soggetti che erogano servizi complementari o accessori a quelli del titolare;<br \/>\u2013 produttori di software gestionali e gestori di piattaforme in cloud o on-premise utilizzati dal titolare per la gestione degli adempimenti contrattuali;<br \/>\u2013 consulenti incaricati dal titolare del trattamento in materia legale, fiscale, tributaria, informatica (per es. avvocati, commercialisti, \u2026);<br \/>\u2013 istituti bancari per la gestione degli aspetti economici del contratto e societ\u00e0 di recupero credito;<br \/>\u2013 istituti assicurativi;<br \/>\u2013 enti pubblici e privati con finalit\u00e0 di vigilanza e controllo (Garante per la Protezione dei Dati Personali e l\u2019Autorit\u00e0 Garante della Concorrenza e Mercato, \u2026), nonch\u00e9 l\u2019Autorit\u00e0 Giudiziaria e ogni altro soggetto autorizzato per legge o atto equivalente ad accedere ai dati personali.<\/p><p>2. I dati personali dell\u2019interessato, sempre nei limiti e per le finalit\u00e0 di cui sopra, potranno essere comunicati a destinatari di Paesi terzi (extra UE) o organizzazioni internazionali, a titolo esemplificativo strutture ricettive.<\/p><p>3. L\u2019interessato autorizza il titolare del trattamento a comunicare ai soggetti indicati i dati personali, ivi compresi quelli sensibili, anche a destinatari ubicati in Paesi terzi o presso organizzazioni internazionali. L\u2019interessato \u00e8 informato che nei confronti di destinatari extra UE non \u00e8 garantita l\u2019applicazione del Regolamento e, in particolare, non \u00e8 garantito l\u2019esercizio dei diritti degli interessati come indicato al punto\u00a0\u00a0<\/p><p><strong>9. DIRITTI DELL\u2019INTERESSATO. DIRITTO DI OPPOSIZIONE<\/strong><\/p><p>1. L\u2019interessato \u00e8 titolare dei seguenti diritti:<\/p><p>\u2013 accesso (art. 15 Regolamento), ottenendo la conferma da parte del Titolare che \u00e8 in corso o meno il trattamento dei propri dati, nonch\u00e9 ottenendo ulteriori informazioni sui dati trattati e ricevendone copia;<br \/>\u2013 rettifica (art. 16 Regolamento), ottenendo la modifica e la correzione dei propri dati;<br \/>\u2013 cancellazione \u2013 oblio (art. 17 Regolamento), di tutti o parte dei dati trattati dal Titolare;<br \/>\u2013\u00a0 limitazione del trattamento (art. 18 Regolamento), anche in caso di presunto trattamento illecito dei dati;<br \/>\u2013 portabilit\u00e0 (art. 20 Regolamento), ricevendo in formato strutturato i dati personali e ottenendo il trasferimento di tali dati da un\u00a0 titolare ad altro titolare senza impedimenti da parte del primo;<br \/>\u2013 \u00a0non essere sottoposto a decisioni fondate su processi automatizzati (art. 22 Regolamento), ivi compresa la profilazione, senza l\u2019intervento umano;<br \/>\u2013 proporre reclamo all\u2019autorit\u00e0 di controllo (art. 77 Regolamento);<br \/>\u2013 proporre ricorso giurisdizionale effettivo avverso i provvedimenti dell\u2019autorit\u00e0 di controllo o avverso il titolare del trattamento (artt. 78, 79 Regolamento).<\/p><p>2. L\u2019interessato ha, altres\u00ec, il diritto di opporsi al trattamento (art. 21 Regolamento), in qualsiasi momento, per motivi connessi alla sua situazione particolare. Qualora l\u2019interessato si opponga al trattamento per finalit\u00e0 di marketing diretto, i dati personali non sono pi\u00f9 oggetto di trattamento per tali finalit\u00e0.<\/p><p>3. L\u2019interessato pu\u00f2 esercitare i diritti indicati nei confronti del titolare del trattamento, inviando richiesta scritta anche a mezzo e-mail, senza formalit\u00e0, al seguente recapito\u00a0privacy@zaniviaggi.it, oppure a mezzo posta a Zani Viaggi \u2013 Ufficio Privacy. via Magni 2\/A, 24125 Bergamo. Il titolare del trattamento agevola l\u2019esercizio del diritto di opposizione da parte degli interessati.<\/p><p>Esistono per la ns. societ\u00e0 aiuti oggetto di obbligo di pubblicazione nell\u2019ambito del registro nazionale degli aiuti di Stato \u2013 RNA Trasparenza aiuti.<\/p>\t\t\t\t\t\t\t\t<\/div>\n\t\t\t\t<\/div>\n\t\t\t\t<\/div>\n\t\t\t\t\t<\/div>\n\t\t\t\t<\/div>\n\t\t\t\t<\/div>\n\t\t","protected":false},"excerpt":{"rendered":"<p>Privacy policy Ai sensi dell\u2019art. 13 Regolamento UE 2016\/679 relativo alla protezione delle persone fisiche con riguardo al trattamento dei dati personali La informiamo di quanto segue: 1. TITOLARE DEL TRATTAMENTO Il titolare del trattamento \u00e8 Zani Viaggi (C.F. e P.I.02594070167), sede legale in via Magni 2\/A, tel. 035 678600 \u2013 fax 035 678799, e-mail\u00a0privacy@zaniviaggi.it, [&hellip;]<\/p>\n","protected":false},"author":1,"featured_media":0,"parent":0,"menu_order":0,"comment_status":"closed","ping_status":"closed","template":"elementor_header_footer","meta":{"_acf_changed":false,"footnotes":""},"class_list":["post-9300","page","type-page","status-publish","hentry"],"acf":[],"_links":{"self":[{"href":"https:\/\/www.zaniviaggi.com\/it\/wp-json\/wp\/v2\/pages\/9300","targetHints":{"allow":["GET"]}}],"collection":[{"href":"https:\/\/www.zaniviaggi.com\/it\/wp-json\/wp\/v2\/pages"}],"about":[{"href":"https:\/\/www.zaniviaggi.com\/it\/wp-json\/wp\/v2\/types\/page"}],"author":[{"embeddable":true,"href":"https:\/\/www.zaniviaggi.com\/it\/wp-json\/wp\/v2\/users\/1"}],"replies":[{"embeddable":true,"href":"https:\/\/www.zaniviaggi.com\/it\/wp-json\/wp\/v2\/comments?post=9300"}],"version-history":[{"count":21,"href":"https:\/\/www.zaniviaggi.com\/it\/wp-json\/wp\/v2\/pages\/9300\/revisions"}],"predecessor-version":[{"id":57091,"href":"https:\/\/www.zaniviaggi.com\/it\/wp-json\/wp\/v2\/pages\/9300\/revisions\/57091"}],"wp:attachment":[{"href":"https:\/\/www.zaniviaggi.com\/it\/wp-json\/wp\/v2\/media?parent=9300"}],"curies":[{"name":"wp","href":"https:\/\/api.w.org\/{rel}","templated":true}]}}