{"id":23001,"date":"2024-07-04T09:30:10","date_gmt":"2024-07-04T07:30:10","guid":{"rendered":"https:\/\/www.zaniviaggi.com\/location-de-bus-et-de-voitures\/"},"modified":"2025-07-29T16:23:09","modified_gmt":"2025-07-29T14:23:09","slug":"location-de-bus-et-de-voitures","status":"publish","type":"page","link":"https:\/\/www.zaniviaggi.com\/fr\/location-de-bus-et-de-voitures\/","title":{"rendered":"Location de bus et de voitures"},"content":{"rendered":"\t\t<div data-elementor-type=\"wp-page\" data-elementor-id=\"23001\" class=\"elementor elementor-23001 elementor-21478\" data-elementor-post-type=\"page\">\n\t\t\t\t<div class=\"elementor-element elementor-element-08a5ad0 e-flex e-con-boxed e-con e-parent\" data-id=\"08a5ad0\" data-element_type=\"container\" data-e-type=\"container\">\n\t\t\t\t\t<div class=\"e-con-inner\">\n\t\t<div class=\"elementor-element elementor-element-0e67927 e-con-full e-flex e-con e-child\" data-id=\"0e67927\" data-element_type=\"container\" data-e-type=\"container\">\n\t\t\t\t<div class=\"elementor-element elementor-element-411c616 elementor-widget elementor-widget-shortcode\" data-id=\"411c616\" data-element_type=\"widget\" data-e-type=\"widget\" data-widget_type=\"shortcode.default\">\n\t\t\t\t<div class=\"elementor-widget-container\">\n\t\t\t\t\t\t\t<div class=\"elementor-shortcode\"><nav aria-label=\"breadcrumbs\" class=\"rank-math-breadcrumb\"><p><span class=\"last\">Home<\/span><\/p><\/nav><\/div>\n\t\t\t\t\t\t<\/div>\n\t\t\t\t<\/div>\n\t\t\t\t<div class=\"elementor-element elementor-element-0be3f1f elementor-widget elementor-widget-heading\" data-id=\"0be3f1f\" data-element_type=\"widget\" data-e-type=\"widget\" data-widget_type=\"heading.default\">\n\t\t\t\t<div class=\"elementor-widget-container\">\n\t\t\t\t\t<h1 class=\"elementor-heading-title elementor-size-default\">Voyager l'esprit tranquille avec la location de bus et de voitures Zani<\/h1>\t\t\t\t<\/div>\n\t\t\t\t<\/div>\n\t\t\t\t<div class=\"elementor-element elementor-element-f2174c0 elementor-widget elementor-widget-text-editor\" data-id=\"f2174c0\" data-element_type=\"widget\" data-e-type=\"widget\" data-widget_type=\"text-editor.default\">\n\t\t\t\t<div class=\"elementor-widget-container\">\n\t\t\t\t\t\t\t\t\t<p>Organiser le transport de groupe n&#8217;est pas facile. Il faut penser \u00e0 l&#8217;itin\u00e9raire, s&#8217;occuper de l&#8217;organisation des personnes, des bagages, chercher un chauffeur et des documents. Avec le service de location de bus et de voitures, nous d&#8217;Autoservizi Zani nous occupons de toutes les difficult\u00e9s li\u00e9es au transport de tout nombre de passagers en Italie et en Europe.<\/p>\n<p>Il est possible de commander un bus de diff\u00e9rentes capacit\u00e9s (de 16 \u00e0 97 passagers) pour:<\/p>\n<ul>\n<li>voyages touristiques, excursions;<\/li>\n<li>accompagnement de mariages, de dipl\u00f4mes, d&#8217;\u00e9v\u00e9nements priv\u00e9s;<\/li>\n<li>transferts pour les a\u00e9roports du Nord de l&#8217;Italie, les gares ferroviaires, d&#8217;autres villes;<\/li>\n<li>r\u00e9unions de d\u00e9l\u00e9gations \u00e9trang\u00e8res ; \u00e9v\u00e9nements d&#8217;entreprise, voyages d&#8217;affaires;<\/li>\n<li>voyages d&#8217;instruction.<\/li>\n<\/ul>\n<p>Nos chauffeurs qualifi\u00e9s sont pr\u00eats \u00e0 faire face \u00e0 toutes les difficult\u00e9s pendant le voyage : des intemp\u00e9ries au transport nocturne. Il n&#8217;est pas n\u00e9cessaire de craindre des retards et des pannes : tous les bus sont r\u00e9guli\u00e8rement soumis \u00e0 une inspection technique et \u00e0 un contr\u00f4le avant le d\u00e9part.<\/p>\n<p>De plus, nos bus sont d\u00e9sinfect\u00e9s avec des \u00e9quipements appropri\u00e9s plusieurs fois par jour, avant et apr\u00e8s chaque service, pour vous garantir un voyage en toute s\u00e9curit\u00e9.<\/p>\n<p>Pour plus d&#8217;informations sur la location de bus et de voitures et pour recevoir un devis personnalis\u00e9 selon vos besoins, veuillez remplir le formulaire ci-dessous. Nous essayerons de vous r\u00e9pondre dans les 24 heures ouvrables.<\/p>\n\t\t\t\t\t\t\t\t<\/div>\n\t\t\t\t<\/div>\n\t\t\t\t<\/div>\n\t\t<div class=\"elementor-element elementor-element-395efdd e-con-full e-flex e-con e-child\" data-id=\"395efdd\" data-element_type=\"container\" data-e-type=\"container\">\n\t\t\t\t<div class=\"elementor-element elementor-element-27e9c47 elementor-widget elementor-widget-image\" data-id=\"27e9c47\" data-element_type=\"widget\" data-e-type=\"widget\" data-widget_type=\"image.default\">\n\t\t\t\t<div class=\"elementor-widget-container\">\n\t\t\t\t\t\t\t\t\t\t\t\t\t\t\t<img fetchpriority=\"high\" decoding=\"async\" width=\"800\" height=\"306\" src=\"https:\/\/www.zaniviaggi.com\/wp-content\/uploads\/2024\/07\/noleggio-autobus-1024x392.webp\" class=\"attachment-large size-large wp-image-24077\" alt=\"\" srcset=\"https:\/\/www.zaniviaggi.com\/wp-content\/uploads\/2024\/07\/noleggio-autobus-1024x392.webp 1024w, https:\/\/www.zaniviaggi.com\/wp-content\/uploads\/2024\/07\/noleggio-autobus-300x115.webp 300w, https:\/\/www.zaniviaggi.com\/wp-content\/uploads\/2024\/07\/noleggio-autobus-768x294.webp 768w, https:\/\/www.zaniviaggi.com\/wp-content\/uploads\/2024\/07\/noleggio-autobus-1536x588.webp 1536w, https:\/\/www.zaniviaggi.com\/wp-content\/uploads\/2024\/07\/noleggio-autobus-600x230.webp 600w, https:\/\/www.zaniviaggi.com\/wp-content\/uploads\/2024\/07\/noleggio-autobus.webp 1920w\" sizes=\"(max-width: 800px) 100vw, 800px\" title=\"\">\t\t\t\t\t\t\t\t\t\t\t\t\t\t\t<\/div>\n\t\t\t\t<\/div>\n\t\t\t\t<\/div>\n\t\t\t\t\t<\/div>\n\t\t\t\t<\/div>\n\t\t<div class=\"elementor-element elementor-element-15bace3 e-flex e-con-boxed e-con e-parent\" data-id=\"15bace3\" data-element_type=\"container\" data-e-type=\"container\">\n\t\t\t\t\t<div class=\"e-con-inner\">\n\t\t\t\t<div class=\"elementor-element elementor-element-68f293c elementor-widget elementor-widget-heading\" data-id=\"68f293c\" data-element_type=\"widget\" data-e-type=\"widget\" data-widget_type=\"heading.default\">\n\t\t\t\t<div class=\"elementor-widget-container\">\n\t\t\t\t\t<h2 class=\"elementor-heading-title elementor-size-default\">Pour plus d'informations sur la location de bus et pour recevoir un devis adapt\u00e9 \u00e0 vos besoins, remplissez le formulaire ci-dessous. Nous essaierons de vous r\u00e9pondre dans les 24 heures ouvrables.<\/h2>\t\t\t\t<\/div>\n\t\t\t\t<\/div>\n\t\t\t\t<div class=\"elementor-element elementor-element-2a27a2a elementor-widget__width-inherit elementor-widget elementor-widget-shortcode\" data-id=\"2a27a2a\" data-element_type=\"widget\" data-e-type=\"widget\" data-widget_type=\"shortcode.default\">\n\t\t\t\t<div class=\"elementor-widget-container\">\n\t\t\t\t\t\t\t<div class=\"elementor-shortcode\"><style id=\"wpforms-css-vars-24046\">\n\t\t\t\t#wpforms-24046 {\n\t\t\t\t\n\t\t\t}\n\t\t\t<\/style><div class=\"wpforms-container wpforms-container-full wpforms-render-modern\" id=\"wpforms-24046\"><form id=\"wpforms-form-24046\" class=\"wpforms-validate wpforms-form wpforms-ajax-form\" data-formid=\"24046\" method=\"post\" enctype=\"multipart\/form-data\" action=\"\/fr\/wp-json\/wp\/v2\/pages\/23001?wpforms_form_id=24046\" data-token=\"1c66dcf18b12b9906630b9fe6fd340de\" data-token-time=\"1776291015\"><noscript class=\"wpforms-error-noscript\">Veuillez activer JavaScript dans votre navigateur pour remplir ce formulaire.<\/noscript><div id=\"wpforms-error-noscript\" style=\"display: none;\">Veuillez activer JavaScript dans votre navigateur pour remplir ce formulaire.<\/div><div class=\"wpforms-field-container\"><div id=\"wpforms-24046-field_22-container\" class=\"wpforms-field wpforms-field-layout\" data-field-id=\"22\"><div class=\"wpforms-field-layout-rows wpforms-field-large\"><div class=\"wpforms-layout-row\"><div class=\"wpforms-layout-column wpforms-layout-column-50\"><div id=\"wpforms-24046-field_1-container\" class=\"wpforms-field wpforms-field-name\" data-field-id=\"1\"><label class=\"wpforms-field-label\" for=\"wpforms-24046-field_1\">Nom\n\n <span class=\"wpforms-required-label\" aria-hidden=\"true\">*<\/span><\/label><input type=\"text\" id=\"wpforms-24046-field_1\" class=\"wpforms-field-large wpforms-field-required\" name=\"wpforms[fields][1]\" aria-errormessage=\"wpforms-24046-field_1-error\" required><\/div><\/div><div class=\"wpforms-layout-column wpforms-layout-column-50\"><div id=\"wpforms-24046-field_2-container\" class=\"wpforms-field wpforms-field-name\" data-field-id=\"2\"><label class=\"wpforms-field-label\" for=\"wpforms-24046-field_2\">Nom de famille <span class=\"wpforms-required-label\" aria-hidden=\"true\">*<\/span><\/label><input type=\"text\" id=\"wpforms-24046-field_2\" class=\"wpforms-field-large wpforms-field-required\" name=\"wpforms[fields][2]\" aria-errormessage=\"wpforms-24046-field_2-error\" required><\/div><\/div><\/div><\/div><\/div><div id=\"wpforms-24046-field_3-container\" class=\"wpforms-field wpforms-field-text\" data-field-id=\"3\"><label class=\"wpforms-field-label\" for=\"wpforms-24046-field_3\">Nom de l&#039;entreprise<\/label><input type=\"text\" id=\"wpforms-24046-field_3\" class=\"wpforms-field-large\" name=\"wpforms[fields][3]\" aria-errormessage=\"wpforms-24046-field_3-error\" ><\/div><div id=\"wpforms-24046-field_23-container\" class=\"wpforms-field wpforms-field-layout\" data-field-id=\"23\"><div class=\"wpforms-field-layout-rows wpforms-field-large\"><div class=\"wpforms-layout-row\"><div class=\"wpforms-layout-column wpforms-layout-column-50\"><div id=\"wpforms-24046-field_5-container\" class=\"wpforms-field wpforms-field-phone\" data-field-id=\"5\"><label class=\"wpforms-field-label\" for=\"wpforms-24046-field_5\">T\u00e9l\u00e9phone mobile <span class=\"wpforms-required-label\" aria-hidden=\"true\">*<\/span><\/label><input type=\"tel\" id=\"wpforms-24046-field_5\" class=\"wpforms-field-large wpforms-field-required wpforms-smart-phone-field\" data-rule-smart-phone-field=\"true\" name=\"wpforms[fields][5]\" value=\"+39\" aria-label=\"T\u00e9l\u00e9phone mobile\" aria-errormessage=\"wpforms-24046-field_5-error\" required><\/div><\/div><div class=\"wpforms-layout-column wpforms-layout-column-50\"><div id=\"wpforms-24046-field_4-container\" class=\"wpforms-field wpforms-field-email\" data-field-id=\"4\"><label class=\"wpforms-field-label\" for=\"wpforms-24046-field_4\">E-mail <span class=\"wpforms-required-label\" aria-hidden=\"true\">*<\/span><\/label><input type=\"email\" id=\"wpforms-24046-field_4\" class=\"wpforms-field-large wpforms-field-required\" name=\"wpforms[fields][4]\" spellcheck=\"false\" aria-errormessage=\"wpforms-24046-field_4-error\" required><\/div><\/div><\/div><\/div><\/div><div id=\"wpforms-24046-field_6-container\" class=\"wpforms-field wpforms-field-html\" data-field-id=\"6\"><div id=\"wpforms-24046-field_6\" aria-errormessage=\"wpforms-24046-field_6-error\"><b>D\u00e9tails du point de d\u00e9part<\/b><\/div><\/div><div id=\"wpforms-24046-field_7-container\" class=\"wpforms-field wpforms-field-text\" data-field-id=\"7\"><label class=\"wpforms-field-label\" for=\"wpforms-24046-field_7\">Lieu de d\u00e9part <span class=\"wpforms-required-label\" aria-hidden=\"true\">*<\/span><\/label><input type=\"text\" id=\"wpforms-24046-field_7\" class=\"wpforms-field-large wpforms-field-required\" name=\"wpforms[fields][7]\" aria-errormessage=\"wpforms-24046-field_7-error\" required><\/div><div id=\"wpforms-24046-field_24-container\" class=\"wpforms-field wpforms-field-layout\" data-field-id=\"24\"><div class=\"wpforms-field-layout-rows wpforms-field-large\"><div class=\"wpforms-layout-row\"><div class=\"wpforms-layout-column wpforms-layout-column-50\"><div id=\"wpforms-24046-field_8-container\" class=\"wpforms-field wpforms-field-date-time\" data-field-id=\"8\"><label class=\"wpforms-field-label\" for=\"wpforms-24046-field_8\">Date de d\u00e9part <span class=\"wpforms-required-label\" aria-hidden=\"true\">*<\/span><\/label><div class=\"wpforms-datepicker-wrap\"><input type=\"text\" id=\"wpforms-24046-field_8\" class=\"wpforms-field-date-time-date wpforms-datepicker wpforms-field-required wpforms-field-large\" data-date-format=\"d\/m\/Y\" data-disable-past-dates=\"0\" data-input=\"true\" name=\"wpforms[fields][8][date]\" aria-errormessage=\"wpforms-24046-field_8-error\" required><a title=\"Effacer la date\" data-clear role=\"button\" tabindex=\"0\" class=\"wpforms-datepicker-clear\" aria-label=\"Effacer la date\" style=\"display:none;\"><\/a><\/div><\/div><\/div><div class=\"wpforms-layout-column wpforms-layout-column-50\"><div id=\"wpforms-24046-field_9-container\" class=\"wpforms-field wpforms-field-date-time\" data-field-id=\"9\"><label class=\"wpforms-field-label\" for=\"wpforms-24046-field_9-time\">Heure de d\u00e9part <span class=\"wpforms-required-label\" aria-hidden=\"true\">*<\/span><\/label><input type=\"text\" id=\"wpforms-24046-field_9-time\" class=\"wpforms-field-date-time-time wpforms-timepicker wpforms-field-required wpforms-field-large\" data-time-format=\"H:i\" data-step=\"30\" data-rule-time24h=\"true\" name=\"wpforms[fields][9][time]\" aria-errormessage=\"wpforms-24046-field_9-time-error\" required><\/div><\/div><\/div><\/div><\/div><div id=\"wpforms-24046-field_11-container\" class=\"wpforms-field wpforms-field-html\" data-field-id=\"11\"><div id=\"wpforms-24046-field_11\" aria-errormessage=\"wpforms-24046-field_11-error\"><b>D\u00e9tails de l'itin\u00e9raire<\/b><\/div><\/div><div id=\"wpforms-24046-field_12-container\" class=\"wpforms-field wpforms-field-text\" data-field-id=\"12\"><label class=\"wpforms-field-label\" for=\"wpforms-24046-field_12\">Lieu d&#039;arriv\u00e9e <span class=\"wpforms-required-label\" aria-hidden=\"true\">*<\/span><\/label><input type=\"text\" id=\"wpforms-24046-field_12\" class=\"wpforms-field-large wpforms-field-required\" name=\"wpforms[fields][12]\" aria-errormessage=\"wpforms-24046-field_12-error\" required><\/div><div id=\"wpforms-24046-field_26-container\" class=\"wpforms-field wpforms-field-layout\" data-field-id=\"26\"><div class=\"wpforms-field-layout-rows wpforms-field-large\"><div class=\"wpforms-layout-row\"><div class=\"wpforms-layout-column wpforms-layout-column-50\"><div id=\"wpforms-24046-field_13-container\" class=\"wpforms-field wpforms-field-date-time\" data-field-id=\"13\"><label class=\"wpforms-field-label\" for=\"wpforms-24046-field_13\">Date de d\u00e9part <span class=\"wpforms-required-label\" aria-hidden=\"true\">*<\/span><\/label><div class=\"wpforms-datepicker-wrap\"><input type=\"text\" id=\"wpforms-24046-field_13\" class=\"wpforms-field-date-time-date wpforms-datepicker wpforms-field-required wpforms-field-large\" data-date-format=\"d\/m\/Y\" data-disable-past-dates=\"0\" data-input=\"true\" name=\"wpforms[fields][13][date]\" aria-errormessage=\"wpforms-24046-field_13-error\" required><a title=\"Effacer la date\" data-clear role=\"button\" tabindex=\"0\" class=\"wpforms-datepicker-clear\" aria-label=\"Effacer la date\" style=\"display:none;\"><\/a><\/div><\/div><\/div><div class=\"wpforms-layout-column wpforms-layout-column-50\"><div id=\"wpforms-24046-field_14-container\" class=\"wpforms-field wpforms-field-date-time\" data-field-id=\"14\"><label class=\"wpforms-field-label\" for=\"wpforms-24046-field_14-time\">Heure de fin du service <span class=\"wpforms-required-label\" aria-hidden=\"true\">*<\/span><\/label><input type=\"text\" id=\"wpforms-24046-field_14-time\" class=\"wpforms-field-date-time-time wpforms-timepicker wpforms-field-required wpforms-field-large\" data-time-format=\"H:i\" data-step=\"30\" data-rule-time24h=\"true\" name=\"wpforms[fields][14][time]\" aria-errormessage=\"wpforms-24046-field_14-time-error\" aria-describedby=\"wpforms-24046-field_14-description\" required><div id=\"wpforms-24046-field_14-description\" class=\"wpforms-field-description\">heure d'arriv\u00e9e au lieu de d\u00e9part<\/div><\/div><\/div><\/div><\/div><\/div><div id=\"wpforms-24046-field_25-container\" class=\"wpforms-field wpforms-field-layout\" data-field-id=\"25\"><div class=\"wpforms-field-layout-rows wpforms-field-large\"><div class=\"wpforms-layout-row\"><div class=\"wpforms-layout-column wpforms-layout-column-50\"><div id=\"wpforms-24046-field_15-container\" class=\"wpforms-field wpforms-field-number\" data-field-id=\"15\"><label class=\"wpforms-field-label\" for=\"wpforms-24046-field_15\">Nombre de personnes <span class=\"wpforms-required-label\" aria-hidden=\"true\">*<\/span><\/label><input type=\"number\" id=\"wpforms-24046-field_15\" class=\"wpforms-field-large wpforms-field-required\" name=\"wpforms[fields][15]\" step=\"any\" aria-errormessage=\"wpforms-24046-field_15-error\" required><\/div><\/div><div class=\"wpforms-layout-column wpforms-layout-column-50\"><div id=\"wpforms-24046-field_16-container\" class=\"wpforms-field wpforms-field-text\" data-field-id=\"16\"><label class=\"wpforms-field-label\" for=\"wpforms-24046-field_16\">D\u00e9tails du tour<\/label><input type=\"text\" id=\"wpforms-24046-field_16\" class=\"wpforms-field-large\" name=\"wpforms[fields][16]\" aria-errormessage=\"wpforms-24046-field_16-error\" ><\/div><\/div><\/div><\/div><\/div><div id=\"wpforms-24046-field_27-container\" class=\"wpforms-field wpforms-field-layout\" data-field-id=\"27\"><div class=\"wpforms-field-layout-rows wpforms-field-large\"><div class=\"wpforms-layout-row\"><div class=\"wpforms-layout-column wpforms-layout-column-50\"><div id=\"wpforms-24046-field_17-container\" class=\"wpforms-field wpforms-field-text\" data-field-id=\"17\"><label class=\"wpforms-field-label\" for=\"wpforms-24046-field_17\">Remarque<\/label><input type=\"text\" id=\"wpforms-24046-field_17\" class=\"wpforms-field-large\" name=\"wpforms[fields][17]\" aria-errormessage=\"wpforms-24046-field_17-error\" ><\/div><\/div><div class=\"wpforms-layout-column wpforms-layout-column-50\"><div id=\"wpforms-24046-field_18-container\" class=\"wpforms-field wpforms-field-file-upload\" data-field-id=\"18\"><label class=\"wpforms-field-label\" for=\"wpforms-24046-field_18\">Documents joints<\/label><input type=\"file\" id=\"wpforms-24046-field_18\" data-rule-extension=\"png,gif,jpg,doc,xls,ppt,pdf\" data-rule-maxsize=\"4194304\" name=\"wpforms_24046_18\" accept=\".png,.gif,.jpg,.doc,.xls,.ppt,.pdf\" aria-errormessage=\"wpforms-24046-field_18-error\" aria-describedby=\"wpforms-24046-field_18-description\" ><div id=\"wpforms-24046-field_18-description\" class=\"wpforms-field-description\">par exemple, plan de voyage<\/div><\/div><\/div><\/div><\/div><\/div><div id=\"wpforms-24046-field_19-container\" class=\"wpforms-field wpforms-field-html\" data-field-id=\"19\"><div id=\"wpforms-24046-field_19\" aria-errormessage=\"wpforms-24046-field_19-error\"><b>Bagages<\/b><\/div><\/div><div id=\"wpforms-24046-field_20-container\" class=\"wpforms-field wpforms-field-radio\" data-field-id=\"20\"><fieldset><legend class=\"wpforms-field-label\">Avez-vous besoin de charger des bagages ?\n\n <span class=\"wpforms-required-label\" aria-hidden=\"true\">*<\/span><\/legend><ul id=\"wpforms-24046-field_20\" class=\"wpforms-field-required\"><li class=\"choice-1 depth-1\"><input type=\"radio\" id=\"wpforms-24046-field_20_1\" name=\"wpforms[fields][20]\" value=\"Oui\" aria-errormessage=\"wpforms-24046-field_20_1-error\" required ><label class=\"wpforms-field-label-inline\" for=\"wpforms-24046-field_20_1\">Oui<\/label><\/li><li class=\"choice-3 depth-1\"><input type=\"radio\" id=\"wpforms-24046-field_20_3\" name=\"wpforms[fields][20]\" value=\"Non\" aria-errormessage=\"wpforms-24046-field_20_3-error\" required ><label class=\"wpforms-field-label-inline\" for=\"wpforms-24046-field_20_3\">Non<\/label><\/li><\/ul><\/fieldset><\/div><div id=\"wpforms-24046-field_21-container\" class=\"wpforms-field wpforms-field-text\" data-field-id=\"21\"><label class=\"wpforms-field-label\" for=\"wpforms-24046-field_21\">Types et nombre de bagages, si n\u00e9cessaire\n\n<\/label><input type=\"text\" id=\"wpforms-24046-field_21\" class=\"wpforms-field-large\" name=\"wpforms[fields][21]\" aria-errormessage=\"wpforms-24046-field_21-error\" aria-describedby=\"wpforms-24046-field_21-description\" ><div id=\"wpforms-24046-field_21-description\" class=\"wpforms-field-description\">par exemple, 30 \u00e9quipements sportifs<\/div><\/div><div id=\"wpforms-24046-field_10-container\" class=\"wpforms-field wpforms-field-checkbox\" data-field-id=\"10\"><fieldset><legend class=\"wpforms-field-label wpforms-label-hide\" aria-hidden=\"false\">Privacy policy <span class=\"wpforms-required-label\" aria-hidden=\"true\">*<\/span><\/legend><ul id=\"wpforms-24046-field_10\" class=\"wpforms-field-required\"><li class=\"choice-1 depth-1\"><input type=\"checkbox\" id=\"wpforms-24046-field_10_1\" name=\"wpforms[fields][10][]\" value=\"J&#039;ai lu et j&#039;accepte la &lt;a href=&quot;https:\/\/www.zaniviaggi.com\/fr\/privacy-policy\/&quot; target=&quot;_blank&quot;&gt;politique de confidentialit\u00e9&lt;\/a&gt;.\" aria-errormessage=\"wpforms-24046-field_10_1-error\" required ><label class=\"wpforms-field-label-inline\" for=\"wpforms-24046-field_10_1\">J'ai lu et j'accepte la <a href=\"https:\/\/www.zaniviaggi.com\/fr\/privacy-policy\/\" target=\"_blank\">politique de confidentialit\u00e9<\/a>.<\/label><\/li><\/ul><\/fieldset><\/div><\/div><!-- .wpforms-field-container --><div class=\"wpforms-submit-container\" ><input type=\"hidden\" name=\"wpforms[id]\" value=\"24046\"><input type=\"hidden\" name=\"page_title\" value=\"\"><input type=\"hidden\" name=\"page_url\" value=\"https:\/\/www.zaniviaggi.com\/fr\/wp-json\/wp\/v2\/pages\/23001\"><input type=\"hidden\" name=\"url_referer\" value=\"\"><button type=\"submit\" name=\"wpforms[submit]\" id=\"wpforms-submit-24046\" class=\"wpforms-submit\" data-alt-text=\"Envoyer\" data-submit-text=\"Envoyer\" aria-live=\"assertive\" value=\"wpforms-submit\">Envoyer<\/button><img decoding=\"async\" src=\"https:\/\/www.zaniviaggi.com\/wp-content\/plugins\/wpforms\/assets\/images\/submit-spin.svg\" class=\"wpforms-submit-spinner\" style=\"display: none;\" width=\"26\" height=\"26\" alt=\"Chargement en cours\" title=\"\"><\/div><\/form><\/div>  <!-- .wpforms-container --><\/div>\n\t\t\t\t\t\t<\/div>\n\t\t\t\t<\/div>\n\t\t\t\t\t<\/div>\n\t\t\t\t<\/div>\n\t\t\t\t<\/div>\n\t\t","protected":false},"excerpt":{"rendered":"<p>Voyager l&#8217;esprit tranquille avec la location de bus et de voitures Zani Organiser le transport de groupe n&#8217;est pas facile. Il faut penser \u00e0 l&#8217;itin\u00e9raire, s&#8217;occuper de l&#8217;organisation des personnes, des bagages, chercher un chauffeur et des documents. Avec le service de location de bus et de voitures, nous d&#8217;Autoservizi Zani nous occupons de toutes [&hellip;]<\/p>\n","protected":false},"author":1,"featured_media":0,"parent":0,"menu_order":0,"comment_status":"closed","ping_status":"closed","template":"elementor_header_footer","meta":{"_acf_changed":false,"footnotes":""},"class_list":["post-23001","page","type-page","status-publish","hentry"],"acf":[],"_links":{"self":[{"href":"https:\/\/www.zaniviaggi.com\/fr\/wp-json\/wp\/v2\/pages\/23001","targetHints":{"allow":["GET"]}}],"collection":[{"href":"https:\/\/www.zaniviaggi.com\/fr\/wp-json\/wp\/v2\/pages"}],"about":[{"href":"https:\/\/www.zaniviaggi.com\/fr\/wp-json\/wp\/v2\/types\/page"}],"author":[{"embeddable":true,"href":"https:\/\/www.zaniviaggi.com\/fr\/wp-json\/wp\/v2\/users\/1"}],"replies":[{"embeddable":true,"href":"https:\/\/www.zaniviaggi.com\/fr\/wp-json\/wp\/v2\/comments?post=23001"}],"version-history":[{"count":13,"href":"https:\/\/www.zaniviaggi.com\/fr\/wp-json\/wp\/v2\/pages\/23001\/revisions"}],"predecessor-version":[{"id":56939,"href":"https:\/\/www.zaniviaggi.com\/fr\/wp-json\/wp\/v2\/pages\/23001\/revisions\/56939"}],"wp:attachment":[{"href":"https:\/\/www.zaniviaggi.com\/fr\/wp-json\/wp\/v2\/media?parent=23001"}],"curies":[{"name":"wp","href":"https:\/\/api.w.org\/{rel}","templated":true}]}}