{"id":23628,"date":"2024-06-03T15:14:43","date_gmt":"2024-06-03T13:14:43","guid":{"rendered":"https:\/\/www.zaniviaggi.com\/registro\/"},"modified":"2024-07-18T11:55:45","modified_gmt":"2024-07-18T09:55:45","slug":"registro","status":"publish","type":"page","link":"https:\/\/www.zaniviaggi.com\/es\/registro\/","title":{"rendered":"Registro"},"content":{"rendered":"\t\t<div data-elementor-type=\"wp-page\" data-elementor-id=\"23628\" class=\"elementor elementor-23628 elementor-9233\" data-elementor-post-type=\"page\">\n\t\t\t\t<div class=\"elementor-element elementor-element-2d117a7 e-flex e-con-boxed e-con e-parent\" data-id=\"2d117a7\" data-element_type=\"container\" data-e-type=\"container\">\n\t\t\t\t\t<div class=\"e-con-inner\">\n\t\t<div class=\"elementor-element elementor-element-ce8d74c e-con-full e-flex e-con e-child\" data-id=\"ce8d74c\" data-element_type=\"container\" data-e-type=\"container\">\n\t\t\t\t<div class=\"elementor-element elementor-element-36ef520 elementor-widget elementor-widget-breadcrumbs\" data-id=\"36ef520\" data-element_type=\"widget\" data-e-type=\"widget\" data-widget_type=\"breadcrumbs.default\">\n\t\t\t\t<div class=\"elementor-widget-container\">\n\t\t\t\t\t<nav aria-label=\"breadcrumbs\" class=\"rank-math-breadcrumb\"><p><span class=\"last\">Home<\/span><\/p><\/nav>\t\t\t\t<\/div>\n\t\t\t\t<\/div>\n\t\t\t\t<div class=\"elementor-element elementor-element-31669bf elementor-widget elementor-widget-heading\" data-id=\"31669bf\" data-element_type=\"widget\" data-e-type=\"widget\" data-widget_type=\"heading.default\">\n\t\t\t\t<div class=\"elementor-widget-container\">\n\t\t\t\t\t<h1 class=\"elementor-heading-title elementor-size-default\">Registro<\/h1>\t\t\t\t<\/div>\n\t\t\t\t<\/div>\n\t\t<div class=\"elementor-element elementor-element-040361d e-con-full e-flex e-con e-child\" data-id=\"040361d\" data-element_type=\"container\" data-e-type=\"container\">\n\t\t\t\t<div class=\"elementor-element elementor-element-ed7d99d elementor-widget elementor-widget-shortcode\" data-id=\"ed7d99d\" data-element_type=\"widget\" data-e-type=\"widget\" data-widget_type=\"shortcode.default\">\n\t\t\t\t<div class=\"elementor-widget-container\">\n\t\t\t\t\t\t\t<div class=\"elementor-shortcode\"><style id=\"wpforms-css-vars-23154\">\n\t\t\t\t#wpforms-23154 {\n\t\t\t\t\n\t\t\t}\n\t\t\t<\/style><div class=\"wpforms-container wpforms-container-full wpforms-render-modern\" id=\"wpforms-23154\"><form id=\"wpforms-form-23154\" class=\"wpforms-validate wpforms-form wpforms-ajax-form\" data-formid=\"23154\" method=\"post\" enctype=\"multipart\/form-data\" action=\"\/es\/wp-json\/wp\/v2\/pages\/23628\" data-token=\"cc5e76b3f7734a56269f5591b3f479eb\" data-token-time=\"1776418395\"><noscript class=\"wpforms-error-noscript\">Por favor, activa JavaScript en tu navegador para completar este formulario.<\/noscript><div id=\"wpforms-error-noscript\" style=\"display: none;\">Por favor, activa JavaScript en tu navegador para completar este formulario.<\/div><div class=\"wpforms-field-container\"><div id=\"wpforms-23154-field_1-container\" class=\"wpforms-field wpforms-field-select wpforms-field-select-style-classic\" data-field-id=\"1\"><label class=\"wpforms-field-label\" for=\"wpforms-23154-field_1\">Perfil de usuario <span class=\"wpforms-required-label\" aria-hidden=\"true\">*<\/span><\/label><select id=\"wpforms-23154-field_1\" class=\"wpforms-field-large wpforms-field-required\" name=\"wpforms[fields][1]\" required=\"required\"><option value=\"Agencias de viajes u Operadores tur\u00edsticos\"  class=\"choice-1 depth-1\"  >Agencias de viajes u Operadores tur\u00edsticos<\/option><option value=\"Hotel\"  class=\"choice-2 depth-1\"  >Hotel<\/option><\/select><\/div><div id=\"wpforms-23154-field_2-container\" class=\"wpforms-field wpforms-field-layout\" data-field-id=\"2\"><div class=\"wpforms-field-layout-rows wpforms-field-large\"><div class=\"wpforms-layout-row\"><div class=\"wpforms-layout-column wpforms-layout-column-50\"><div id=\"wpforms-23154-field_7-container\" class=\"wpforms-field wpforms-field-name\" data-field-id=\"7\"><label class=\"wpforms-field-label\" for=\"wpforms-23154-field_7\">Tu nombre <span class=\"wpforms-required-label\" aria-hidden=\"true\">*<\/span><\/label><input type=\"text\" id=\"wpforms-23154-field_7\" class=\"wpforms-field-medium wpforms-field-required\" name=\"wpforms[fields][7]\" aria-errormessage=\"wpforms-23154-field_7-error\" required><\/div><\/div><div class=\"wpforms-layout-column wpforms-layout-column-50\"><div id=\"wpforms-23154-field_8-container\" class=\"wpforms-field wpforms-field-name\" data-field-id=\"8\"><label class=\"wpforms-field-label\" for=\"wpforms-23154-field_8\">Tu apellido <span class=\"wpforms-required-label\" aria-hidden=\"true\">*<\/span><\/label><input type=\"text\" id=\"wpforms-23154-field_8\" class=\"wpforms-field-medium wpforms-field-required\" name=\"wpforms[fields][8]\" aria-errormessage=\"wpforms-23154-field_8-error\" required><\/div><\/div><\/div><\/div><\/div><div id=\"wpforms-23154-field_4-container\" class=\"wpforms-field wpforms-field-layout\" data-field-id=\"4\"><div class=\"wpforms-field-layout-rows wpforms-field-large\"><div class=\"wpforms-layout-row\"><div class=\"wpforms-layout-column wpforms-layout-column-50\"><div id=\"wpforms-23154-field_9-container\" class=\"wpforms-field wpforms-field-email\" data-field-id=\"9\"><label class=\"wpforms-field-label\" for=\"wpforms-23154-field_9\">Tu correo electr\u00f3nico <span class=\"wpforms-required-label\" aria-hidden=\"true\">*<\/span><\/label><input type=\"email\" id=\"wpforms-23154-field_9\" class=\"wpforms-field-medium wpforms-field-required\" name=\"wpforms[fields][9]\" spellcheck=\"false\" aria-errormessage=\"wpforms-23154-field_9-error\" required><\/div><\/div><div class=\"wpforms-layout-column wpforms-layout-column-50\"><div id=\"wpforms-23154-field_10-container\" class=\"wpforms-field wpforms-field-phone\" data-field-id=\"10\"><label class=\"wpforms-field-label\" for=\"wpforms-23154-field_10\">Tel\u00e9fono <span class=\"wpforms-required-label\" aria-hidden=\"true\">*<\/span><\/label><input type=\"tel\" id=\"wpforms-23154-field_10\" class=\"wpforms-field-medium wpforms-field-required wpforms-smart-phone-field\" data-rule-smart-phone-field=\"true\" name=\"wpforms[fields][10]\" aria-label=\"Tel\u00e9fono\" aria-errormessage=\"wpforms-23154-field_10-error\" required><\/div><\/div><\/div><\/div><\/div><div id=\"wpforms-23154-field_3-container\" class=\"wpforms-field wpforms-field-layout\" data-field-id=\"3\"><div class=\"wpforms-field-layout-rows wpforms-field-large\"><div class=\"wpforms-layout-row\"><div class=\"wpforms-layout-column wpforms-layout-column-50\"><div id=\"wpforms-23154-field_11-container\" class=\"wpforms-field wpforms-field-text\" data-field-id=\"11\"><label class=\"wpforms-field-label\" for=\"wpforms-23154-field_11\">N\u00famero de IVA o N\u00famero de Identificaci\u00f3n Fiscal (NIF) <span class=\"wpforms-required-label\" aria-hidden=\"true\">*<\/span><\/label><input type=\"text\" id=\"wpforms-23154-field_11\" class=\"wpforms-field-medium wpforms-field-required\" name=\"wpforms[fields][11]\" aria-errormessage=\"wpforms-23154-field_11-error\" required><\/div><\/div><div class=\"wpforms-layout-column wpforms-layout-column-50\"><div id=\"wpforms-23154-field_12-container\" class=\"wpforms-field wpforms-field-text\" data-field-id=\"12\"><label class=\"wpforms-field-label\" for=\"wpforms-23154-field_12\">Raz\u00f3n social <span class=\"wpforms-required-label\" aria-hidden=\"true\">*<\/span><\/label><input type=\"text\" id=\"wpforms-23154-field_12\" class=\"wpforms-field-medium wpforms-field-required\" name=\"wpforms[fields][12]\" aria-errormessage=\"wpforms-23154-field_12-error\" required><\/div><\/div><\/div><\/div><\/div><div id=\"wpforms-23154-field_5-container\" class=\"wpforms-field wpforms-field-address\" data-field-id=\"5\"><fieldset><legend class=\"wpforms-field-label\">Direcci\u00f3n <span class=\"wpforms-required-label\" aria-hidden=\"true\">*<\/span><\/legend><div class=\"wpforms-field-row wpforms-field-large\"><div ><input type=\"text\" id=\"wpforms-23154-field_5\" class=\"wpforms-field-address-address1 wpforms-field-required\" name=\"wpforms[fields][5][address1]\" aria-errormessage=\"wpforms-23154-field_5-error\" required><label for=\"wpforms-23154-field_5\" class=\"wpforms-field-sublabel after\">Direcci\u00f3n (l\u00ednea 1)<\/label><\/div><\/div><div class=\"wpforms-field-row wpforms-field-large\"><div class=\"wpforms-field-row-block wpforms-one-half wpforms-first\"><input type=\"text\" id=\"wpforms-23154-field_5-city\" class=\"wpforms-field-address-city wpforms-field-required\" name=\"wpforms[fields][5][city]\" aria-errormessage=\"wpforms-23154-field_5-city-error\" required><label for=\"wpforms-23154-field_5-city\" class=\"wpforms-field-sublabel after\">Ciudad<\/label><\/div><div class=\"wpforms-field-row-block wpforms-one-half\"><input type=\"text\" id=\"wpforms-23154-field_5-state\" class=\"wpforms-field-address-state wpforms-field-required\" name=\"wpforms[fields][5][state]\" aria-errormessage=\"wpforms-23154-field_5-state-error\" required><label for=\"wpforms-23154-field_5-state\" class=\"wpforms-field-sublabel after\">Estado \/ Provincia \/ Regi\u00f3n<\/label><\/div><\/div><div class=\"wpforms-field-row wpforms-field-large\"><div class=\"wpforms-field-row-block wpforms-one-half wpforms-first\"><input type=\"text\" id=\"wpforms-23154-field_5-postal\" class=\"wpforms-field-address-postal wpforms-field-required\" name=\"wpforms[fields][5][postal]\" aria-errormessage=\"wpforms-23154-field_5-postal-error\" required><label for=\"wpforms-23154-field_5-postal\" class=\"wpforms-field-sublabel after\">C\u00f3digo postal<\/label><\/div><div class=\"wpforms-field-row-block wpforms-one-half\"><select id=\"wpforms-23154-field_5-country\" class=\"wpforms-field-address-country wpforms-field-required\" name=\"wpforms[fields][5][country]\" aria-errormessage=\"wpforms-23154-field_5-country-error\" required><option class=\"placeholder\" value=\"\" selected disabled>--- Selecciona country ---<\/option><option value=\"AF\" >Afganist\u00e1n<\/option><option value=\"AL\" >Albania<\/option><option value=\"DE\" >Alemania<\/option><option value=\"AD\" >Andorra<\/option><option value=\"AO\" >Angola<\/option><option value=\"AI\" >Anguila<\/option><option value=\"AG\" >Antigua y Barbuda<\/option><option value=\"AQ\" >Ant\u00e1rtica<\/option><option value=\"DZ\" >Argelia<\/option><option value=\"AR\" >Argentina<\/option><option value=\"AM\" >Armenia<\/option><option value=\"AW\" >Aruba<\/option><option value=\"AU\" >Australia<\/option><option value=\"AT\" >Austria<\/option><option value=\"AZ\" >Azerbaiy\u00e1n<\/option><option value=\"BS\" >Bahamas<\/option><option value=\"BD\" >Bangladesh<\/option><option value=\"BB\" >Barbados<\/option><option value=\"BH\" >Bar\u00e9in<\/option><option value=\"BZ\" >Belize<\/option><option value=\"BJ\" >Ben\u00edn<\/option><option value=\"BM\" >Bermudas<\/option><option value=\"BY\" >Bielorrusia<\/option><option value=\"BO\" >Bolivia (Estado Plurinacional de)<\/option><option value=\"BQ\" >Bonaire, San Eustaquio y Saba<\/option><option value=\"BA\" >Bosnia y Herzegovina<\/option><option value=\"BW\" >Botsuana<\/option><option value=\"BR\" >Brasil<\/option><option value=\"BN\" >Brunei Darussalam<\/option><option value=\"BG\" >Bulgaria<\/option><option value=\"BF\" >Burkina Faso<\/option><option value=\"BI\" >Burundi<\/option><option value=\"BT\" >But\u00e1n<\/option><option value=\"BE\" >B\u00e9lgica<\/option><option value=\"CV\" >Cabo Verde<\/option><option value=\"KH\" >Camboya<\/option><option value=\"CM\" >Camer\u00fan<\/option><option value=\"CA\" >Canad\u00e1<\/option><option value=\"TD\" >Chad<\/option><option value=\"CL\" >Chile<\/option><option value=\"CN\" >China<\/option><option value=\"CY\" >Chipre<\/option><option value=\"CO\" >Colombia<\/option><option value=\"KM\" >Comoras<\/option><option value=\"CG\" >Congo<\/option><option value=\"CD\" >Congo (Rep\u00fablica Democr\u00e1tica del)<\/option><option value=\"KR\" >Corea (Rep\u00fablica de)<\/option><option value=\"KP\" >Corea del Norte<\/option><option value=\"CR\" >Costa Rica<\/option><option value=\"CI\" >Costa de Marfil<\/option><option value=\"HR\" >Croacia<\/option><option value=\"CU\" >Cuba<\/option><option value=\"CW\" >Curazao<\/option><option value=\"DK\" >Dinamarca<\/option><option value=\"DM\" >Dominica<\/option><option value=\"EC\" >Ecuador<\/option><option value=\"EG\" >Egipto<\/option><option value=\"SV\" >El Salvador<\/option><option value=\"AE\" >Emiratos \u00c1rabes Unidos<\/option><option value=\"ER\" >Eritrea<\/option><option value=\"SK\" >Eslovaquia<\/option><option value=\"SI\" >Eslovenia<\/option><option value=\"ES\" >Espa\u00f1a<\/option><option value=\"VA\" >Estado de la Ciudad del Vaticano<\/option><option value=\"US\" >Estados Unidos de America<\/option><option value=\"EE\" >Estonia<\/option><option value=\"ET\" >Etiop\u00eda<\/option><option value=\"RU\" >Federaci\u00f3n Rusa<\/option><option value=\"FJ\" >Fiji<\/option><option value=\"PH\" >Filipinas<\/option><option value=\"FI\" >Finlandia<\/option><option value=\"FR\" >Francia<\/option><option value=\"GA\" >Gab\u00f3n<\/option><option value=\"GM\" >Gambia<\/option><option value=\"GE\" >Georgia<\/option><option value=\"GH\" >Ghana<\/option><option value=\"GI\" >Gibraltar<\/option><option value=\"GD\" >Granada<\/option><option value=\"GR\" >Grecia<\/option><option value=\"GL\" >Groenlandia<\/option><option value=\"GP\" >Guadalupe<\/option><option value=\"GU\" >Guam<\/option><option value=\"GT\" >Guatemala<\/option><option value=\"GF\" >Guayana Francesa<\/option><option value=\"GG\" >Guernsey<\/option><option value=\"GN\" >Guinea<\/option><option value=\"GQ\" >Guinea Ecuatorial<\/option><option value=\"GW\" >Guinea-Bis\u00e1u<\/option><option value=\"GY\" >Guyana<\/option><option value=\"HT\" >Hait\u00ed<\/option><option value=\"HN\" >Honduras<\/option><option value=\"HK\" >Hong Kong<\/option><option value=\"HU\" >Hungr\u00eda<\/option><option value=\"IN\" >India<\/option><option value=\"ID\" >Indonesia<\/option><option value=\"IQ\" >Iraq<\/option><option value=\"IE\" >Irlanda (Rep\u00fablica de)<\/option><option value=\"IR\" >Ir\u00e1n (Rep\u00fablica Isl\u00e1mica de)<\/option><option value=\"BV\" >Isla Bouvet<\/option><option value=\"NF\" >Isla Norfolk<\/option><option value=\"IM\" >Isla de Man<\/option><option value=\"CX\" >Isla de Navidad<\/option><option value=\"IS\" >Islandia<\/option><option value=\"KY\" >Islas Caim\u00e1n<\/option><option value=\"CC\" >Islas Cocos<\/option><option value=\"CK\" >Islas Cook<\/option><option value=\"FO\" >Islas Faroe<\/option><option value=\"HM\" >Islas Heard y McDonald<\/option><option value=\"FK\" >Islas Malvinas (Falkland)<\/option><option value=\"MP\" >Islas Marianas del Norte<\/option><option value=\"MH\" >Islas Marshall<\/option><option value=\"SB\" >Islas Salom\u00f3n<\/option><option value=\"TC\" >Islas Turcas y Caicos<\/option><option value=\"UM\" >Islas Ultramarinas Menores de Estados Unidos<\/option><option value=\"VI\" >Islas V\u00edrgenes (EE.UU.)<\/option><option value=\"VG\" >Islas V\u00edrgenes (brit\u00e1nicas)<\/option><option value=\"GS\" >Islas del sur de Georgia y del sur de Sandwich<\/option><option value=\"AX\" >Islas \u00c5land<\/option><option value=\"IL\" >Israel<\/option><option value=\"IT\" >Italia<\/option><option value=\"JM\" >Jamaica<\/option><option value=\"JP\" >Jap\u00f3n<\/option><option value=\"JE\" >Jersey<\/option><option value=\"JO\" >Jordania<\/option><option value=\"QA\" >Katar<\/option><option value=\"KZ\" >Kazajist\u00e1n<\/option><option value=\"KE\" >Kenia<\/option><option value=\"KG\" >Kirguist\u00e1n<\/option><option value=\"KI\" >Kiribati<\/option><option value=\"XK\" >Kosovo<\/option><option value=\"KW\" >Kuwait<\/option><option value=\"LS\" >Lesoto<\/option><option value=\"LV\" >Letonia<\/option><option value=\"LR\" >Liberia<\/option><option value=\"LY\" >Libia<\/option><option value=\"LI\" >Liechtenstein<\/option><option value=\"LT\" >Lituania<\/option><option value=\"LU\" >Luxemburgo<\/option><option value=\"LB\" >L\u00edbano<\/option><option value=\"MO\" >Macao<\/option><option value=\"MK\" >Macedonia del Norte (Rep\u00fablica de)<\/option><option value=\"MG\" >Madagascar<\/option><option value=\"MY\" >Malasia<\/option><option value=\"MW\" >Malaui<\/option><option value=\"MV\" >Maldivas<\/option><option value=\"ML\" >Mali<\/option><option value=\"MT\" >Malta<\/option><option value=\"MA\" >Marruecos<\/option><option value=\"MQ\" >Martinica<\/option><option value=\"MU\" >Mauricio<\/option><option value=\"MR\" >Mauritania<\/option><option value=\"YT\" >Mayotte<\/option><option value=\"FM\" >Micronesia (Estados Federados de)<\/option><option value=\"MD\" >Moldavia (Rep\u00fablica de)<\/option><option value=\"MN\" >Mongolia<\/option><option value=\"ME\" >Montenegro<\/option><option value=\"MS\" >Montserrat<\/option><option value=\"MZ\" >Mozambique<\/option><option value=\"MM\" >Myanmar<\/option><option value=\"MX\" >M\u00e9xico<\/option><option value=\"MC\" >M\u00f3naco<\/option><option value=\"NA\" >Namibia<\/option><option value=\"NR\" >Nauru<\/option><option value=\"NP\" >Nepal<\/option><option value=\"NI\" >Nicaragua<\/option><option value=\"NG\" >Nigeria<\/option><option value=\"NU\" >Niue<\/option><option value=\"NO\" >Noruega<\/option><option value=\"NC\" >Nueva Caledonia<\/option><option value=\"NZ\" >Nueva Zelanda<\/option><option value=\"NE\" >N\u00edger<\/option><option value=\"OM\" >Om\u00e1n<\/option><option value=\"PK\" >Pakist\u00e1n<\/option><option value=\"PW\" >Palau<\/option><option value=\"PS\" >Palestina (Estado de)<\/option><option value=\"PA\" >Panam\u00e1<\/option><option value=\"PG\" >Pap\u00faa Nueva Guinea<\/option><option value=\"PY\" >Paraguay<\/option><option value=\"NL\" >Pa\u00edses Bajos<\/option><option value=\"PE\" >Per\u00fa<\/option><option value=\"PN\" >Pitcairn<\/option><option value=\"PF\" >Polinesia Francesa<\/option><option value=\"PL\" >Polonia<\/option><option value=\"PT\" >Portugal<\/option><option value=\"PR\" >Puerto Rico<\/option><option value=\"GB\" >Reino Unido de Gran Breta\u00f1a e Irlanda del Norte<\/option><option value=\"CF\" >Rep\u00fablica Central de \u00c1frica<\/option><option value=\"CZ\" >Rep\u00fablica Checa<\/option><option value=\"DO\" >Rep\u00fablica Dominicana<\/option><option value=\"LA\" >Rep\u00fablica Popular Democr\u00e1tica de Laos<\/option><option value=\"SY\" >Rep\u00fablica \u00c1rabe Siria<\/option><option value=\"RE\" >Reuni\u00f3n<\/option><option value=\"RW\" >Ruanda<\/option><option value=\"RO\" >Ruman\u00eda<\/option><option value=\"KN\" >Saint Kitts y Nevis<\/option><option value=\"WS\" >Samoa<\/option><option value=\"AS\" >Samoa Americana<\/option><option value=\"BL\" >San Bartolom\u00e9<\/option><option value=\"SM\" >San Marino<\/option><option value=\"MF\" >San Mart\u00edn (parte francesa)<\/option><option value=\"SX\" >San Mart\u00edn (parte holandesa)<\/option><option value=\"PM\" >San Pedro y Miquel\u00f3n<\/option><option value=\"VC\" >San Vicente y las Granadinas<\/option><option value=\"SH\" >Santa Elena, Ascensi\u00f3n y Trist\u00e1n de Acu\u00f1a<\/option><option value=\"LC\" >Santa Luc\u00eda<\/option><option value=\"ST\" >Santo Tom\u00e9 y Pr\u00edncipe<\/option><option value=\"SA\" >Saud\u00ed Arabia<\/option><option value=\"SN\" >Senegal<\/option><option value=\"RS\" >Serbia<\/option><option value=\"SC\" >Seychelles<\/option><option value=\"SL\" >Sierra Leona<\/option><option value=\"SG\" >Singapur<\/option><option value=\"SO\" >Somalia<\/option><option value=\"LK\" >Sri Lanka<\/option><option value=\"SZ\" >Suazilandia (Reino de)<\/option><option value=\"ZA\" >Sud\u00e1frica<\/option><option value=\"SD\" >Sud\u00e1n<\/option><option value=\"SS\" >Sud\u00e1n del sur<\/option><option value=\"SE\" >Suecia<\/option><option value=\"CH\" >Suiza<\/option><option value=\"SR\" >Surinam<\/option><option value=\"SJ\" >Svalbard y Jan Mayen<\/option><option value=\"EH\" >S\u00e1hara Occidental<\/option><option value=\"TH\" >Tailandia<\/option><option value=\"TW\" >Taiw\u00e1n, Rep\u00fablica de China<\/option><option value=\"TZ\" >Tanzania (Rep\u00fablica Unida de)<\/option><option value=\"TJ\" >Tayikist\u00e1n<\/option><option value=\"IO\" >Territorio Brit\u00e1nico del Oc\u00e9ano \u00cdndico<\/option><option value=\"TF\" >Tierras Australes y Ant\u00e1rticas Francesas<\/option><option value=\"TL\" >Timor-Leste<\/option><option value=\"TG\" >Togo<\/option><option value=\"TK\" >Tokelau<\/option><option value=\"TO\" >Tonga<\/option><option value=\"TT\" >Trinidad y Tobago<\/option><option value=\"TM\" >Turkmenist\u00e1n<\/option><option value=\"TV\" >Tuvalu<\/option><option value=\"TN\" >T\u00fanez<\/option><option value=\"TR\" >T\u00fcrkiye<\/option><option value=\"UA\" >Ucrania<\/option><option value=\"UG\" >Uganda<\/option><option value=\"UY\" >Uruguay<\/option><option value=\"UZ\" >Uzbekist\u00e1n<\/option><option value=\"VU\" >Vanuatu<\/option><option value=\"VE\" >Venezuela (Rep\u00fablica Bolivariana de)<\/option><option value=\"VN\" >Vietnam<\/option><option value=\"WF\" >Wallis y Futuna<\/option><option value=\"YE\" >Yemen<\/option><option value=\"DJ\" >Yibuti<\/option><option value=\"ZM\" >Zambia<\/option><option value=\"ZW\" >Zimbabue<\/option><\/select><label for=\"wpforms-23154-field_5-country\" class=\"wpforms-field-sublabel after\">Pa\u00eds<\/label><\/div><\/div><\/fieldset><\/div><div id=\"wpforms-23154-field_6-container\" class=\"wpforms-field wpforms-field-checkbox\" data-field-id=\"6\"><fieldset><legend class=\"wpforms-field-label\">T\u00e9rminos de servicio <span class=\"wpforms-required-label\" aria-hidden=\"true\">*<\/span><\/legend><ul id=\"wpforms-23154-field_6\" class=\"wpforms-field-required\"><li class=\"choice-1 depth-1\"><input type=\"checkbox\" id=\"wpforms-23154-field_6_1\" name=\"wpforms[fields][6][]\" value=\"Consiento el procesamiento de &lt;a href=&quot;https:\/\/www.zaniviaggi.com\/es\/privacy-policy\/&quot; target=&quot;_blank&quot;&gt;datos personales&lt;\/a&gt;\" aria-errormessage=\"wpforms-23154-field_6_1-error\" required ><label class=\"wpforms-field-label-inline\" for=\"wpforms-23154-field_6_1\">Consiento el procesamiento de <a href=\"https:\/\/www.zaniviaggi.com\/es\/privacy-policy\/\" target=\"_blank\">datos personales<\/a><\/label><\/li><\/ul><\/fieldset><\/div><div id=\"wpforms-23154-field_13-container\" class=\"wpforms-field wpforms-field-checkbox\" data-field-id=\"13\"><fieldset><legend class=\"wpforms-field-label wpforms-label-hide\" aria-hidden=\"false\">T\u00e9rminos de servicio <span class=\"wpforms-required-label\" aria-hidden=\"true\">*<\/span><\/legend><ul id=\"wpforms-23154-field_13\" class=\"wpforms-field-required\"><li class=\"choice-1 depth-1\"><input type=\"checkbox\" id=\"wpforms-23154-field_13_1\" name=\"wpforms[fields][13][]\" value=\"Declaro que he le\u00eddo y acepto los &lt;a href=&quot;https:\/\/www.zaniviaggi.com\/es\/terminos-y-condiciones\/&quot; target=&quot;_blank&quot;&gt;t\u00e9rminos de venta&lt;\/a&gt;\" aria-errormessage=\"wpforms-23154-field_13_1-error\" required ><label class=\"wpforms-field-label-inline\" for=\"wpforms-23154-field_13_1\">Declaro que he le\u00eddo y acepto los <a href=\"https:\/\/www.zaniviaggi.com\/es\/terminos-y-condiciones\/\" target=\"_blank\">t\u00e9rminos de venta<\/a><\/label><\/li><\/ul><\/fieldset><\/div><div id=\"wpforms-23154-field_14-container\" class=\"wpforms-field wpforms-field-captcha\" data-field-id=\"14\"><label class=\"wpforms-field-label\" for=\"wpforms-23154-field_14\">Confirma que no eres un robot: responde correctamente a la pregunta. <span class=\"wpforms-required-label\" aria-hidden=\"true\">*<\/span><\/label><p id=\"wpforms-23154-field_14-question\" class=\"wpforms-captcha-question\">\u00bfQu\u00e9 estaci\u00f3n sigue al invierno?<\/p>\n\t\t<input type=\"text\" id=\"wpforms-23154-field_14\" class=\"wpforms-field-large wpforms-field-required a\" data-rule-wpf-captcha=\"qa\" data-is-wrapped-field=\"1\" data-a=\"Primavera\" name=\"wpforms[fields][14][a]\" aria-errormessage=\"wpforms-23154-field_14-error\" aria-describedby=\"wpforms-23154-field_14-question\" required>\n\t\t<input type=\"hidden\" name=\"wpforms[fields][14][q]\" value=\"2\">\n\n\t\t<\/div><\/div><!-- .wpforms-field-container --><div class=\"wpforms-submit-container\" ><input type=\"hidden\" name=\"wpforms[id]\" value=\"23154\"><input type=\"hidden\" name=\"page_title\" value=\"\"><input type=\"hidden\" name=\"page_url\" value=\"https:\/\/www.zaniviaggi.com\/es\/wp-json\/wp\/v2\/pages\/23628\"><input type=\"hidden\" name=\"url_referer\" value=\"\"><button type=\"submit\" name=\"wpforms[submit]\" id=\"wpforms-submit-23154\" class=\"wpforms-submit\" data-alt-text=\"Solicitar acceso al \u00e1rea B2B\" data-submit-text=\"Solicitar acceso al \u00e1rea B2B\" aria-live=\"assertive\" value=\"wpforms-submit\">Solicitar acceso al \u00e1rea B2B<\/button><img decoding=\"async\" src=\"https:\/\/www.zaniviaggi.com\/wp-content\/plugins\/wpforms\/assets\/images\/submit-spin.svg\" class=\"wpforms-submit-spinner\" style=\"display: none;\" width=\"26\" height=\"26\" alt=\"Cargando\" title=\"\"><\/div><\/form><\/div>  <!-- .wpforms-container --><\/div>\n\t\t\t\t\t\t<\/div>\n\t\t\t\t<\/div>\n\t\t\t\t<\/div>\n\t\t\t\t<\/div>\n\t\t\t\t\t<\/div>\n\t\t\t\t<\/div>\n\t\t\t\t<\/div>\n\t\t","protected":false},"excerpt":{"rendered":"<p>Home Registro<\/p>\n","protected":false},"author":1,"featured_media":0,"parent":0,"menu_order":0,"comment_status":"closed","ping_status":"closed","template":"elementor_header_footer","meta":{"_acf_changed":false,"footnotes":""},"class_list":["post-23628","page","type-page","status-publish","hentry"],"acf":[],"_links":{"self":[{"href":"https:\/\/www.zaniviaggi.com\/es\/wp-json\/wp\/v2\/pages\/23628","targetHints":{"allow":["GET"]}}],"collection":[{"href":"https:\/\/www.zaniviaggi.com\/es\/wp-json\/wp\/v2\/pages"}],"about":[{"href":"https:\/\/www.zaniviaggi.com\/es\/wp-json\/wp\/v2\/types\/page"}],"author":[{"embeddable":true,"href":"https:\/\/www.zaniviaggi.com\/es\/wp-json\/wp\/v2\/users\/1"}],"replies":[{"embeddable":true,"href":"https:\/\/www.zaniviaggi.com\/es\/wp-json\/wp\/v2\/comments?post=23628"}],"version-history":[{"count":10,"href":"https:\/\/www.zaniviaggi.com\/es\/wp-json\/wp\/v2\/pages\/23628\/revisions"}],"predecessor-version":[{"id":23795,"href":"https:\/\/www.zaniviaggi.com\/es\/wp-json\/wp\/v2\/pages\/23628\/revisions\/23795"}],"wp:attachment":[{"href":"https:\/\/www.zaniviaggi.com\/es\/wp-json\/wp\/v2\/media?parent=23628"}],"curies":[{"name":"wp","href":"https:\/\/api.w.org\/{rel}","templated":true}]}}