{"id":23004,"date":"2024-07-04T09:30:10","date_gmt":"2024-07-04T07:30:10","guid":{"rendered":"https:\/\/www.zaniviaggi.com\/bus-und-autovermietung\/"},"modified":"2024-07-29T10:50:34","modified_gmt":"2024-07-29T08:50:34","slug":"bus-und-autovermietung","status":"publish","type":"page","link":"https:\/\/www.zaniviaggi.com\/de\/bus-und-autovermietung\/","title":{"rendered":"Bus- und Autovermietung"},"content":{"rendered":"\t\t<div data-elementor-type=\"wp-page\" data-elementor-id=\"23004\" class=\"elementor elementor-23004 elementor-21478\" data-elementor-post-type=\"page\">\n\t\t\t\t<div class=\"elementor-element elementor-element-08a5ad0 e-flex e-con-boxed e-con e-parent\" data-id=\"08a5ad0\" data-element_type=\"container\">\n\t\t\t\t\t<div class=\"e-con-inner\">\n\t\t<div class=\"elementor-element elementor-element-0e67927 e-con-full e-flex e-con e-child\" data-id=\"0e67927\" data-element_type=\"container\">\n\t\t\t\t<div class=\"elementor-element elementor-element-411c616 elementor-widget elementor-widget-shortcode\" data-id=\"411c616\" data-element_type=\"widget\" data-widget_type=\"shortcode.default\">\n\t\t\t\t<div class=\"elementor-widget-container\">\n\t\t\t\t\t\t\t<div class=\"elementor-shortcode\"><nav aria-label=\"breadcrumbs\" class=\"rank-math-breadcrumb\"><p><span class=\"last\">Home<\/span><\/p><\/nav><\/div>\n\t\t\t\t\t\t<\/div>\n\t\t\t\t<\/div>\n\t\t\t\t<div class=\"elementor-element elementor-element-0be3f1f elementor-widget elementor-widget-heading\" data-id=\"0be3f1f\" data-element_type=\"widget\" data-widget_type=\"heading.default\">\n\t\t\t\t<div class=\"elementor-widget-container\">\n\t\t\t\t\t<h1 class=\"elementor-heading-title elementor-size-default\">Reisen Sie sorgenfrei mit dem Bus- und Autovermietung von Zani<\/h1>\t\t\t\t<\/div>\n\t\t\t\t<\/div>\n\t\t\t\t<div class=\"elementor-element elementor-element-f2174c0 elementor-widget elementor-widget-text-editor\" data-id=\"f2174c0\" data-element_type=\"widget\" data-widget_type=\"text-editor.default\">\n\t\t\t\t<div class=\"elementor-widget-container\">\n\t\t\t\t\t\t\t\t\t<p>Die Organisation des Gruppentransports ist nicht einfach. Man muss an die Route denken, sich um die Anordnung der Personen, das Gep\u00e4ck, die Suche nach einem Fahrer und den erforderlichen Dokumenten k\u00fcmmern. Mit dem Busvermietungsservice k\u00fcmmern wir von Autoservizi Zani uns um alle Schwierigkeiten, die mit dem Transport von beliebig vielen Passagieren in Italien und Europa verbunden sind.<\/p>\n<p>Es ist m\u00f6glich, Busse mit unterschiedlichen Kapazit\u00e4ten (von 16 bis 97 Passagieren) zu bestellen f\u00fcr:<\/p>\n<ul>\n<li>touristische Fahrten, Ausfl\u00fcge;<\/li>\n<li>Begleitung von Hochzeiten, Abschlussfeiern, privaten Veranstaltungen;<\/li>\n<li>Transfers zu Flugh\u00e4fen in Norditalien, Bahnh\u00f6fen, anderen St\u00e4dten;<\/li>\n<li>Treffen mit ausl\u00e4ndischen Delegationen; Unternehmensveranstaltungen, Gesch\u00e4ftsreisen;<\/li>\n<li>Bildungsreisen.<\/li>\n<\/ul>\n<p>Unsere qualifizierten Fahrer sind bereit, jede Schwierigkeit w\u00e4hrend der Reise zu bew\u00e4ltigen: von schlechtem Wetter bis hin zu n\u00e4chtlichen Fahrten. Es gibt keinen Grund zur Sorge \u00fcber Versp\u00e4tungen und Pannen: Alle Busse werden regelm\u00e4\u00dfig einer technischen \u00dcberpr\u00fcfung und vor der Fahrt kontrolliert.<\/p>\n<p>Dar\u00fcber hinaus werden unsere Busse mehrmals t\u00e4glich mit speziellen Maschinen desinfiziert, vor und nach jedem Service, um Ihnen eine sichere Reise zu garantieren.<\/p>\n<p>F\u00fcr weitere Informationen zur Busvermietung und um ein auf Ihre Bed\u00fcrfnisse zugeschnittenes Angebot zu erhalten, f\u00fcllen Sie bitte das untenstehende Formular aus. Wir werden versuchen, Ihnen innerhalb von 24 Arbeitsstunden zu antworten.<\/p>\n\t\t\t\t\t\t\t\t<\/div>\n\t\t\t\t<\/div>\n\t\t\t\t<\/div>\n\t\t<div class=\"elementor-element elementor-element-395efdd e-con-full e-flex e-con e-child\" data-id=\"395efdd\" data-element_type=\"container\">\n\t\t\t\t<div class=\"elementor-element elementor-element-27e9c47 elementor-widget elementor-widget-image\" data-id=\"27e9c47\" data-element_type=\"widget\" data-widget_type=\"image.default\">\n\t\t\t\t<div class=\"elementor-widget-container\">\n\t\t\t\t\t\t\t\t\t\t\t\t\t\t\t<img fetchpriority=\"high\" decoding=\"async\" width=\"800\" height=\"306\" src=\"https:\/\/www.zaniviaggi.com\/wp-content\/uploads\/2024\/07\/noleggio-autobus-1024x392.webp\" class=\"attachment-large size-large wp-image-24078\" alt=\"\" srcset=\"https:\/\/www.zaniviaggi.com\/wp-content\/uploads\/2024\/07\/noleggio-autobus-1024x392.webp 1024w, https:\/\/www.zaniviaggi.com\/wp-content\/uploads\/2024\/07\/noleggio-autobus-300x115.webp 300w, https:\/\/www.zaniviaggi.com\/wp-content\/uploads\/2024\/07\/noleggio-autobus-768x294.webp 768w, https:\/\/www.zaniviaggi.com\/wp-content\/uploads\/2024\/07\/noleggio-autobus-1536x588.webp 1536w, https:\/\/www.zaniviaggi.com\/wp-content\/uploads\/2024\/07\/noleggio-autobus-600x230.webp 600w, https:\/\/www.zaniviaggi.com\/wp-content\/uploads\/2024\/07\/noleggio-autobus.webp 1920w\" sizes=\"(max-width: 800px) 100vw, 800px\" title=\"\">\t\t\t\t\t\t\t\t\t\t\t\t\t\t\t<\/div>\n\t\t\t\t<\/div>\n\t\t\t\t<\/div>\n\t\t\t\t\t<\/div>\n\t\t\t\t<\/div>\n\t\t<div class=\"elementor-element elementor-element-15bace3 e-flex e-con-boxed e-con e-parent\" data-id=\"15bace3\" data-element_type=\"container\">\n\t\t\t\t\t<div class=\"e-con-inner\">\n\t\t\t\t<div class=\"elementor-element elementor-element-68f293c elementor-widget elementor-widget-heading\" data-id=\"68f293c\" data-element_type=\"widget\" data-widget_type=\"heading.default\">\n\t\t\t\t<div class=\"elementor-widget-container\">\n\t\t\t\t\t<h2 class=\"elementor-heading-title elementor-size-default\">F\u00fcr weitere Informationen zur Busanmietung und um ein auf Ihre Bed\u00fcrfnisse zugeschnittenes Angebot zu erhalten, f\u00fcllen Sie bitte das untenstehende Formular aus. Wir werden versuchen, Ihnen innerhalb von 24 Arbeitsstunden zu antworten.<\/h2>\t\t\t\t<\/div>\n\t\t\t\t<\/div>\n\t\t\t\t<div class=\"elementor-element elementor-element-2a27a2a elementor-widget__width-inherit elementor-widget elementor-widget-shortcode\" data-id=\"2a27a2a\" data-element_type=\"widget\" data-widget_type=\"shortcode.default\">\n\t\t\t\t<div class=\"elementor-widget-container\">\n\t\t\t\t\t\t\t<div class=\"elementor-shortcode\"><style id=\"wpforms-css-vars-24046\">\n\t\t\t\t#wpforms-24046 {\n\t\t\t\t\n\t\t\t}\n\t\t\t<\/style><div class=\"wpforms-container wpforms-container-full wpforms-render-modern\" id=\"wpforms-24046\"><form id=\"wpforms-form-24046\" class=\"wpforms-validate wpforms-form wpforms-ajax-form\" data-formid=\"24046\" method=\"post\" enctype=\"multipart\/form-data\" action=\"\/de\/wp-json\/wp\/v2\/pages\/23004?wpforms_form_id=24046\" data-token=\"1c66dcf18b12b9906630b9fe6fd340de\" data-token-time=\"1776245083\"><noscript class=\"wpforms-error-noscript\">Bitte aktiviere JavaScript in deinem Browser, um dieses Formular fertigzustellen.<\/noscript><div id=\"wpforms-error-noscript\" style=\"display: none;\">Bitte aktiviere JavaScript in deinem Browser, um dieses Formular fertigzustellen.<\/div><div class=\"wpforms-field-container\"><div id=\"wpforms-24046-field_22-container\" class=\"wpforms-field wpforms-field-layout\" data-field-id=\"22\"><div class=\"wpforms-field-layout-rows wpforms-field-large\"><div class=\"wpforms-layout-row\"><div class=\"wpforms-layout-column wpforms-layout-column-50\"><div id=\"wpforms-24046-field_1-container\" class=\"wpforms-field wpforms-field-name\" data-field-id=\"1\"><label class=\"wpforms-field-label\" for=\"wpforms-24046-field_1\">Name <span class=\"wpforms-required-label\" aria-hidden=\"true\">*<\/span><\/label><input type=\"text\" id=\"wpforms-24046-field_1\" class=\"wpforms-field-large wpforms-field-required\" name=\"wpforms[fields][1]\" aria-errormessage=\"wpforms-24046-field_1-error\" required><\/div><\/div><div class=\"wpforms-layout-column wpforms-layout-column-50\"><div id=\"wpforms-24046-field_2-container\" class=\"wpforms-field wpforms-field-name\" data-field-id=\"2\"><label class=\"wpforms-field-label\" for=\"wpforms-24046-field_2\">Nachname <span class=\"wpforms-required-label\" aria-hidden=\"true\">*<\/span><\/label><input type=\"text\" id=\"wpforms-24046-field_2\" class=\"wpforms-field-large wpforms-field-required\" name=\"wpforms[fields][2]\" aria-errormessage=\"wpforms-24046-field_2-error\" required><\/div><\/div><\/div><\/div><\/div><div id=\"wpforms-24046-field_3-container\" class=\"wpforms-field wpforms-field-text\" data-field-id=\"3\"><label class=\"wpforms-field-label\" for=\"wpforms-24046-field_3\">Firmenname<\/label><input type=\"text\" id=\"wpforms-24046-field_3\" class=\"wpforms-field-large\" name=\"wpforms[fields][3]\" aria-errormessage=\"wpforms-24046-field_3-error\" ><\/div><div id=\"wpforms-24046-field_23-container\" class=\"wpforms-field wpforms-field-layout\" data-field-id=\"23\"><div class=\"wpforms-field-layout-rows wpforms-field-large\"><div class=\"wpforms-layout-row\"><div class=\"wpforms-layout-column wpforms-layout-column-50\"><div id=\"wpforms-24046-field_5-container\" class=\"wpforms-field wpforms-field-phone\" data-field-id=\"5\"><label class=\"wpforms-field-label\" for=\"wpforms-24046-field_5\">Mobiltelefon <span class=\"wpforms-required-label\" aria-hidden=\"true\">*<\/span><\/label><input type=\"tel\" id=\"wpforms-24046-field_5\" class=\"wpforms-field-large wpforms-field-required wpforms-smart-phone-field\" data-rule-smart-phone-field=\"true\" name=\"wpforms[fields][5]\" value=\"+39\" aria-label=\"Mobiltelefon\" aria-errormessage=\"wpforms-24046-field_5-error\" required><\/div><\/div><div class=\"wpforms-layout-column wpforms-layout-column-50\"><div id=\"wpforms-24046-field_4-container\" class=\"wpforms-field wpforms-field-email\" data-field-id=\"4\"><label class=\"wpforms-field-label\" for=\"wpforms-24046-field_4\">E-mail <span class=\"wpforms-required-label\" aria-hidden=\"true\">*<\/span><\/label><input type=\"email\" id=\"wpforms-24046-field_4\" class=\"wpforms-field-large wpforms-field-required\" name=\"wpforms[fields][4]\" spellcheck=\"false\" aria-errormessage=\"wpforms-24046-field_4-error\" required><\/div><\/div><\/div><\/div><\/div><div id=\"wpforms-24046-field_6-container\" class=\"wpforms-field wpforms-field-html\" data-field-id=\"6\"><div id=\"wpforms-24046-field_6\" aria-errormessage=\"wpforms-24046-field_6-error\"><b>Abfahrtsort-Details<\/b><\/div><\/div><div id=\"wpforms-24046-field_7-container\" class=\"wpforms-field wpforms-field-text\" data-field-id=\"7\"><label class=\"wpforms-field-label\" for=\"wpforms-24046-field_7\">Abfahrtsort <span class=\"wpforms-required-label\" aria-hidden=\"true\">*<\/span><\/label><input type=\"text\" id=\"wpforms-24046-field_7\" class=\"wpforms-field-large wpforms-field-required\" name=\"wpforms[fields][7]\" aria-errormessage=\"wpforms-24046-field_7-error\" required><\/div><div id=\"wpforms-24046-field_24-container\" class=\"wpforms-field wpforms-field-layout\" data-field-id=\"24\"><div class=\"wpforms-field-layout-rows wpforms-field-large\"><div class=\"wpforms-layout-row\"><div class=\"wpforms-layout-column wpforms-layout-column-50\"><div id=\"wpforms-24046-field_8-container\" class=\"wpforms-field wpforms-field-date-time\" data-field-id=\"8\"><label class=\"wpforms-field-label\" for=\"wpforms-24046-field_8\">Abreisedatum <span class=\"wpforms-required-label\" aria-hidden=\"true\">*<\/span><\/label><div class=\"wpforms-datepicker-wrap\"><input type=\"text\" id=\"wpforms-24046-field_8\" class=\"wpforms-field-date-time-date wpforms-datepicker wpforms-field-required wpforms-field-large\" data-date-format=\"d\/m\/Y\" data-disable-past-dates=\"0\" data-input=\"true\" name=\"wpforms[fields][8][date]\" aria-errormessage=\"wpforms-24046-field_8-error\" required><a title=\"Datum leeren\" data-clear role=\"button\" tabindex=\"0\" class=\"wpforms-datepicker-clear\" aria-label=\"Datum leeren\" style=\"display:none;\"><\/a><\/div><\/div><\/div><div class=\"wpforms-layout-column wpforms-layout-column-50\"><div id=\"wpforms-24046-field_9-container\" class=\"wpforms-field wpforms-field-date-time\" data-field-id=\"9\"><label class=\"wpforms-field-label\" for=\"wpforms-24046-field_9-time\">Abfahrtszeit <span class=\"wpforms-required-label\" aria-hidden=\"true\">*<\/span><\/label><input type=\"text\" id=\"wpforms-24046-field_9-time\" class=\"wpforms-field-date-time-time wpforms-timepicker wpforms-field-required wpforms-field-large\" data-time-format=\"H:i\" data-step=\"30\" data-rule-time24h=\"true\" name=\"wpforms[fields][9][time]\" aria-errormessage=\"wpforms-24046-field_9-time-error\" required><\/div><\/div><\/div><\/div><\/div><div id=\"wpforms-24046-field_11-container\" class=\"wpforms-field wpforms-field-html\" data-field-id=\"11\"><div id=\"wpforms-24046-field_11\" aria-errormessage=\"wpforms-24046-field_11-error\"><b>Reisedetails<\/b><\/div><\/div><div id=\"wpforms-24046-field_12-container\" class=\"wpforms-field wpforms-field-text\" data-field-id=\"12\"><label class=\"wpforms-field-label\" for=\"wpforms-24046-field_12\">Ankunftsort <span class=\"wpforms-required-label\" aria-hidden=\"true\">*<\/span><\/label><input type=\"text\" id=\"wpforms-24046-field_12\" class=\"wpforms-field-large wpforms-field-required\" name=\"wpforms[fields][12]\" aria-errormessage=\"wpforms-24046-field_12-error\" required><\/div><div id=\"wpforms-24046-field_26-container\" class=\"wpforms-field wpforms-field-layout\" data-field-id=\"26\"><div class=\"wpforms-field-layout-rows wpforms-field-large\"><div class=\"wpforms-layout-row\"><div class=\"wpforms-layout-column wpforms-layout-column-50\"><div id=\"wpforms-24046-field_13-container\" class=\"wpforms-field wpforms-field-date-time\" data-field-id=\"13\"><label class=\"wpforms-field-label\" for=\"wpforms-24046-field_13\">Abreisedatum <span class=\"wpforms-required-label\" aria-hidden=\"true\">*<\/span><\/label><div class=\"wpforms-datepicker-wrap\"><input type=\"text\" id=\"wpforms-24046-field_13\" class=\"wpforms-field-date-time-date wpforms-datepicker wpforms-field-required wpforms-field-large\" data-date-format=\"d\/m\/Y\" data-disable-past-dates=\"0\" data-input=\"true\" name=\"wpforms[fields][13][date]\" aria-errormessage=\"wpforms-24046-field_13-error\" required><a title=\"Datum leeren\" data-clear role=\"button\" tabindex=\"0\" class=\"wpforms-datepicker-clear\" aria-label=\"Datum leeren\" style=\"display:none;\"><\/a><\/div><\/div><\/div><div class=\"wpforms-layout-column wpforms-layout-column-50\"><div id=\"wpforms-24046-field_14-container\" class=\"wpforms-field wpforms-field-date-time\" data-field-id=\"14\"><label class=\"wpforms-field-label\" for=\"wpforms-24046-field_14-time\">Ende der Servicezeit <span class=\"wpforms-required-label\" aria-hidden=\"true\">*<\/span><\/label><input type=\"text\" id=\"wpforms-24046-field_14-time\" class=\"wpforms-field-date-time-time wpforms-timepicker wpforms-field-required wpforms-field-large\" data-time-format=\"H:i\" data-step=\"30\" data-rule-time24h=\"true\" name=\"wpforms[fields][14][time]\" aria-errormessage=\"wpforms-24046-field_14-time-error\" aria-describedby=\"wpforms-24046-field_14-description\" required><div id=\"wpforms-24046-field_14-description\" class=\"wpforms-field-description\">Ankunftszeit am Abfahrtsort<\/div><\/div><\/div><\/div><\/div><\/div><div id=\"wpforms-24046-field_25-container\" class=\"wpforms-field wpforms-field-layout\" data-field-id=\"25\"><div class=\"wpforms-field-layout-rows wpforms-field-large\"><div class=\"wpforms-layout-row\"><div class=\"wpforms-layout-column wpforms-layout-column-50\"><div id=\"wpforms-24046-field_15-container\" class=\"wpforms-field wpforms-field-number\" data-field-id=\"15\"><label class=\"wpforms-field-label\" for=\"wpforms-24046-field_15\">Anzahl der Personen\n\n <span class=\"wpforms-required-label\" aria-hidden=\"true\">*<\/span><\/label><input type=\"number\" id=\"wpforms-24046-field_15\" class=\"wpforms-field-large wpforms-field-required\" name=\"wpforms[fields][15]\" step=\"any\" aria-errormessage=\"wpforms-24046-field_15-error\" required><\/div><\/div><div class=\"wpforms-layout-column wpforms-layout-column-50\"><div id=\"wpforms-24046-field_16-container\" class=\"wpforms-field wpforms-field-text\" data-field-id=\"16\"><label class=\"wpforms-field-label\" for=\"wpforms-24046-field_16\">Tourdetails<\/label><input type=\"text\" id=\"wpforms-24046-field_16\" class=\"wpforms-field-large\" name=\"wpforms[fields][16]\" aria-errormessage=\"wpforms-24046-field_16-error\" ><\/div><\/div><\/div><\/div><\/div><div id=\"wpforms-24046-field_27-container\" class=\"wpforms-field wpforms-field-layout\" data-field-id=\"27\"><div class=\"wpforms-field-layout-rows wpforms-field-large\"><div class=\"wpforms-layout-row\"><div class=\"wpforms-layout-column wpforms-layout-column-50\"><div id=\"wpforms-24046-field_17-container\" class=\"wpforms-field wpforms-field-text\" data-field-id=\"17\"><label class=\"wpforms-field-label\" for=\"wpforms-24046-field_17\">Notiz<\/label><input type=\"text\" id=\"wpforms-24046-field_17\" class=\"wpforms-field-large\" name=\"wpforms[fields][17]\" aria-errormessage=\"wpforms-24046-field_17-error\" ><\/div><\/div><div class=\"wpforms-layout-column wpforms-layout-column-50\"><div id=\"wpforms-24046-field_18-container\" class=\"wpforms-field wpforms-field-file-upload\" data-field-id=\"18\"><label class=\"wpforms-field-label\" for=\"wpforms-24046-field_18\">Angeh\u00e4ngte Dokumente<\/label><input type=\"file\" id=\"wpforms-24046-field_18\" data-rule-extension=\"png,gif,jpg,doc,xls,ppt,pdf\" data-rule-maxsize=\"4194304\" name=\"wpforms_24046_18\" accept=\".png,.gif,.jpg,.doc,.xls,.ppt,.pdf\" aria-errormessage=\"wpforms-24046-field_18-error\" aria-describedby=\"wpforms-24046-field_18-description\" ><div id=\"wpforms-24046-field_18-description\" class=\"wpforms-field-description\">z.B. Reiseplan<\/div><\/div><\/div><\/div><\/div><\/div><div id=\"wpforms-24046-field_19-container\" class=\"wpforms-field wpforms-field-html\" data-field-id=\"19\"><div id=\"wpforms-24046-field_19\" aria-errormessage=\"wpforms-24046-field_19-error\"><b>Gep\u00e4ck<\/b><\/div><\/div><div id=\"wpforms-24046-field_20-container\" class=\"wpforms-field wpforms-field-radio\" data-field-id=\"20\"><fieldset><legend class=\"wpforms-field-label\">M\u00fcssen Sie Gep\u00e4ck verladen?\n\n <span class=\"wpforms-required-label\" aria-hidden=\"true\">*<\/span><\/legend><ul id=\"wpforms-24046-field_20\" class=\"wpforms-field-required\"><li class=\"choice-1 depth-1\"><input type=\"radio\" id=\"wpforms-24046-field_20_1\" name=\"wpforms[fields][20]\" value=\"Ja\" aria-errormessage=\"wpforms-24046-field_20_1-error\" required ><label class=\"wpforms-field-label-inline\" for=\"wpforms-24046-field_20_1\">Ja<\/label><\/li><li class=\"choice-3 depth-1\"><input type=\"radio\" id=\"wpforms-24046-field_20_3\" name=\"wpforms[fields][20]\" value=\"Nein\" aria-errormessage=\"wpforms-24046-field_20_3-error\" required ><label class=\"wpforms-field-label-inline\" for=\"wpforms-24046-field_20_3\">Nein<\/label><\/li><\/ul><\/fieldset><\/div><div id=\"wpforms-24046-field_21-container\" class=\"wpforms-field wpforms-field-text\" data-field-id=\"21\"><label class=\"wpforms-field-label\" for=\"wpforms-24046-field_21\">Arten und Anzahl des Gep\u00e4cks, falls erforderlich\n\n<\/label><input type=\"text\" id=\"wpforms-24046-field_21\" class=\"wpforms-field-large\" name=\"wpforms[fields][21]\" aria-errormessage=\"wpforms-24046-field_21-error\" aria-describedby=\"wpforms-24046-field_21-description\" ><div id=\"wpforms-24046-field_21-description\" class=\"wpforms-field-description\">z.B. 30 Sportger\u00e4te<\/div><\/div><div id=\"wpforms-24046-field_10-container\" class=\"wpforms-field wpforms-field-checkbox\" data-field-id=\"10\"><fieldset><legend class=\"wpforms-field-label wpforms-label-hide\" aria-hidden=\"false\">Privacy policy <span class=\"wpforms-required-label\" aria-hidden=\"true\">*<\/span><\/legend><ul id=\"wpforms-24046-field_10\" class=\"wpforms-field-required\"><li class=\"choice-1 depth-1\"><input type=\"checkbox\" id=\"wpforms-24046-field_10_1\" name=\"wpforms[fields][10][]\" value=\"Ich habe die &lt;a href=&quot;https:\/\/www.zaniviaggi.com\/de\/privacy-policy\/&quot; target=&quot;_blank&quot;&gt;Datenschutzerkl\u00e4rung&lt;\/a&gt; gelesen und akzeptiere sie.\" aria-errormessage=\"wpforms-24046-field_10_1-error\" required ><label class=\"wpforms-field-label-inline\" for=\"wpforms-24046-field_10_1\">Ich habe die <a href=\"https:\/\/www.zaniviaggi.com\/de\/privacy-policy\/\" target=\"_blank\">Datenschutzerkl\u00e4rung<\/a> gelesen und akzeptiere sie.<\/label><\/li><\/ul><\/fieldset><\/div><\/div><!-- .wpforms-field-container --><div class=\"wpforms-submit-container\" ><input type=\"hidden\" name=\"wpforms[id]\" value=\"24046\"><input type=\"hidden\" name=\"page_title\" value=\"\"><input type=\"hidden\" name=\"page_url\" value=\"https:\/\/www.zaniviaggi.com\/de\/wp-json\/wp\/v2\/pages\/23004\"><input type=\"hidden\" name=\"url_referer\" value=\"\"><button type=\"submit\" name=\"wpforms[submit]\" id=\"wpforms-submit-24046\" class=\"wpforms-submit\" data-alt-text=\"Senden\" data-submit-text=\"Senden\" aria-live=\"assertive\" value=\"wpforms-submit\">Senden<\/button><img decoding=\"async\" src=\"https:\/\/www.zaniviaggi.com\/wp-content\/plugins\/wpforms\/assets\/images\/submit-spin.svg\" class=\"wpforms-submit-spinner\" style=\"display: none;\" width=\"26\" height=\"26\" alt=\"Wird geladen\" title=\"\"><\/div><\/form><\/div>  <!-- .wpforms-container --><\/div>\n\t\t\t\t\t\t<\/div>\n\t\t\t\t<\/div>\n\t\t\t\t\t<\/div>\n\t\t\t\t<\/div>\n\t\t\t\t<\/div>\n\t\t","protected":false},"excerpt":{"rendered":"<p>Reisen Sie sorgenfrei mit dem Bus- und Autovermietung von Zani Die Organisation des Gruppentransports ist nicht einfach. Man muss an die Route denken, sich um die Anordnung der Personen, das Gep\u00e4ck, die Suche nach einem Fahrer und den erforderlichen Dokumenten k\u00fcmmern. Mit dem Busvermietungsservice k\u00fcmmern wir von Autoservizi Zani uns um alle Schwierigkeiten, die mit [&hellip;]<\/p>\n","protected":false},"author":1,"featured_media":0,"parent":0,"menu_order":0,"comment_status":"closed","ping_status":"closed","template":"elementor_header_footer","meta":{"_acf_changed":false,"footnotes":""},"class_list":["post-23004","page","type-page","status-publish","hentry"],"acf":[],"_links":{"self":[{"href":"https:\/\/www.zaniviaggi.com\/de\/wp-json\/wp\/v2\/pages\/23004","targetHints":{"allow":["GET"]}}],"collection":[{"href":"https:\/\/www.zaniviaggi.com\/de\/wp-json\/wp\/v2\/pages"}],"about":[{"href":"https:\/\/www.zaniviaggi.com\/de\/wp-json\/wp\/v2\/types\/page"}],"author":[{"embeddable":true,"href":"https:\/\/www.zaniviaggi.com\/de\/wp-json\/wp\/v2\/users\/1"}],"replies":[{"embeddable":true,"href":"https:\/\/www.zaniviaggi.com\/de\/wp-json\/wp\/v2\/comments?post=23004"}],"version-history":[{"count":12,"href":"https:\/\/www.zaniviaggi.com\/de\/wp-json\/wp\/v2\/pages\/23004\/revisions"}],"predecessor-version":[{"id":24250,"href":"https:\/\/www.zaniviaggi.com\/de\/wp-json\/wp\/v2\/pages\/23004\/revisions\/24250"}],"wp:attachment":[{"href":"https:\/\/www.zaniviaggi.com\/de\/wp-json\/wp\/v2\/media?parent=23004"}],"curies":[{"name":"wp","href":"https:\/\/api.w.org\/{rel}","templated":true}]}}