{"id":22971,"date":"2024-06-03T15:15:35","date_gmt":"2024-06-03T13:15:35","guid":{"rendered":"https:\/\/www.zaniviaggi.com\/privacy-policy\/"},"modified":"2024-12-17T14:22:59","modified_gmt":"2024-12-17T13:22:59","slug":"privacy-policy","status":"publish","type":"page","link":"https:\/\/www.zaniviaggi.com\/de\/privacy-policy\/","title":{"rendered":"Privacy policy"},"content":{"rendered":"\t\t<div data-elementor-type=\"wp-page\" data-elementor-id=\"22971\" class=\"elementor elementor-22971 elementor-9300\" data-elementor-post-type=\"page\">\n\t\t\t\t<div class=\"elementor-element elementor-element-966930d e-flex e-con-boxed e-con e-parent\" data-id=\"966930d\" data-element_type=\"container\">\n\t\t\t\t\t<div class=\"e-con-inner\">\n\t\t<div class=\"elementor-element elementor-element-a5710c2 e-con-full e-flex e-con e-child\" data-id=\"a5710c2\" data-element_type=\"container\">\n\t\t\t\t<div class=\"elementor-element elementor-element-5dbc0ed elementor-widget elementor-widget-shortcode\" data-id=\"5dbc0ed\" data-element_type=\"widget\" data-widget_type=\"shortcode.default\">\n\t\t\t\t<div class=\"elementor-widget-container\">\n\t\t\t\t\t\t\t<div class=\"elementor-shortcode\"><nav aria-label=\"breadcrumbs\" class=\"rank-math-breadcrumb\"><p><span class=\"last\">Home<\/span><\/p><\/nav><\/div>\n\t\t\t\t\t\t<\/div>\n\t\t\t\t<\/div>\n\t\t\t\t<div class=\"elementor-element elementor-element-d766726 elementor-widget elementor-widget-heading\" data-id=\"d766726\" data-element_type=\"widget\" data-widget_type=\"heading.default\">\n\t\t\t\t<div class=\"elementor-widget-container\">\n\t\t\t\t\t<h1 class=\"elementor-heading-title elementor-size-default\">Privacy policy<\/h1>\t\t\t\t<\/div>\n\t\t\t\t<\/div>\n\t\t\t\t<div class=\"elementor-element elementor-element-c97d110 elementor-widget elementor-widget-text-editor\" data-id=\"c97d110\" data-element_type=\"widget\" data-widget_type=\"text-editor.default\">\n\t\t\t\t<div class=\"elementor-widget-container\">\n\t\t\t\t\t\t\t\t\t<p><strong>INFORMATIONEN ZUM SCHUTZ PERSONENBEZOGENER DATEN GEM\u00c4SS DEN ARTIKELN 13, 14 DER EU-VERORDNUNG 2016\/679<\/strong><\/p><p>Die nachstehenden Informationen beschreiben, wie von der EU-Verordnung 2016\/679 (Allgemeine Datenschutzverordnung \u2013 im Folgenden DSGVO) gefordert, wie unser Unternehmen personenbezogene Daten verarbeitet, d.h. Informationen, die sich auf eine identifizierte oder identifizierbare nat\u00fcrliche Person (betroffene Person) beziehen.<\/p><p><strong>1. VERANTWORTLICHER F\u00dcR DIE DATENVERARBEITUNG<\/strong>\u00a0<\/p><p>Der Verantwortliche f\u00fcr die Datenverarbeitung ist Zani Viaggi (UMSATZSTEUER-ID 02594070167), ans\u00e4ssig in der Via Magni 2\/A \u2013 24125 Bergamo \u2013 Italien, vertreten durch seinen gesetzlichen Vertreter, Herrn\/Frau Giovanna Marilena Zani.<\/p><p><strong>2. DATENVERARBEITUNG UND ZWECKE DER VERARBEITUNG<\/strong>\u00a0<\/p><p>Personenbezogene Daten werden gem\u00e4\u00df der DSGVO rechtm\u00e4\u00dfig, fair und transparent in Bezug auf die betroffene Person verarbeitet. Verarbeitung ist jeder Vorgang oder jede Reihe von Vorg\u00e4ngen, die mit personenbezogenen Daten durchgef\u00fchrt werden, wie das Erheben, Erfassen, Organisieren, Strukturieren, Speichern, Anpassen oder Ver\u00e4ndern, Auslesen, Abfragen, Verwenden, Offenlegen durch \u00dcbermittlung, Einschr\u00e4nken, L\u00f6schen oder Vernichten. Die Verarbeitung kann auch automatisiert erfolgen, einschlie\u00dflich Profiling. Personenbezogene Daten werden f\u00fcr folgende Zwecke verarbeitet:<\/p><p>\u2013 Erf\u00fcllung eines Vertrags, an dem die betroffene Person beteiligt ist;<\/p><p>\u2013 Durchf\u00fchrung von Ma\u00dfnahmen auf Anfrage der betroffenen Person vor Abschluss eines Vertrags;<\/p><p>\u2013 Speichern und Aufbewahren personenbezogener Daten auf den Tr\u00e4gern des Verantwortlichen;<\/p><p>\u2013 automatisierte Verarbeitung, einschlie\u00dflich Profiling;<\/p><p>\u2013 Zwecke des Direktmarketings (wie das Versenden von Werbung, Angeboten, Promotionen, \u2026);<\/p><p>\u2013 Durchf\u00fchrung von Gesch\u00e4ftsprozessen (wie Zahlung, Kreditkartenverarbeitung, \u2026);<\/p><p>\u2013 Einhaltung gesetzlicher Verpflichtungen (wie steuerliche Verpflichtungen).<\/p><p><strong>3. ZWECKE DES MARKETINGS<\/strong><\/p><p>1. Mit Ihrer Zustimmung k\u00f6nnen personenbezogene Daten zu Zwecken des Direktmarketings verarbeitet werden, wie z.B. zur Durchf\u00fchrung von Marktforschung, zum Versenden von Werbung, Angeboten und Promotionen, zum Abonnieren unseres Newsletters (E-Mail, SMS, WhatsApp).<\/p><p>2. Die Zustimmung ist f\u00fcr die Zwecke des Direktmarketings optional und hat keine Auswirkungen auf die Verarbeitung von Reisebuchungen und andere oben genannte Zwecke.<\/p><p>3. Die Unternehmensphilosophie ist vom Erlaubnismarketing inspiriert: Unsere Mitteilungen werden mit Ihrer Zustimmung versendet und sollen nicht aufdringlich sein.<\/p><p>4. Die betroffene Person hat das Recht, der Verarbeitung personenbezogener Daten, die sie betreffen, zu Zwecken des Direktmarketings jederzeit zu widersprechen, gem\u00e4\u00df Artikel 21 DSGVO.<\/p><p><strong>4. RECHTSGRUNDLAGE F\u00dcR DIE VERARBEITUNG<\/strong><\/p><p>1. Die Rechtsgrundlagen f\u00fcr die Verarbeitung personenbezogener Daten sind:<\/p><p>\u2013 dass die Verarbeitung zur Erf\u00fcllung eines Vertrags, an dem der Reisende beteiligt ist, erforderlich ist, gem\u00e4\u00df den Zwecken 2.a), 2.c), 2.f);<\/p><p>\u2013 dass die Verarbeitung zur Erf\u00fcllung der vom Reisenden angeforderten Schritte vor Abschluss eines Vertrags erforderlich ist, gem\u00e4\u00df Zweck 2.b);<\/p><p>\u2013 die Einwilligung der betroffenen Person gem\u00e4\u00df den Zwecken 2.d), 2.e) und auch zur Verarbeitung besonderer Kategorien personenbezogener Daten gem\u00e4\u00df Artikel 9 DSGVO;<\/p><p>\u2013 dass die Verarbeitung zur Erf\u00fcllung einer rechtlichen Verpflichtung erforderlich ist, der der Verantwortliche unterliegt, gem\u00e4\u00df Zweck 2.g);<\/p><p>\u00a0\u2013 dass die Verarbeitung zur Wahrung der berechtigten Interessen des Verantwortlichen oder eines Dritten erforderlich ist, au\u00dfer wenn diese berechtigten Interessen durch die Interessen, Grundrechte und Freiheiten der betroffenen Person \u00fcberwogen werden.<\/p><p>2. Mit Ausnahme der Zwecke des Direktmarketings ist die Daten\u00fcbermittlung eine vertragliche Anforderung, um die Anfragen des Reisenden zu erf\u00fcllen und Reisebuchungen und andere oben genannte Zwecke zu bearbeiten. Die betroffene Person ist verpflichtet, personenbezogene Daten bereitzustellen: Das Vers\u00e4umnis, diese Daten bereitzustellen, k\u00f6nnte die oben genannten Leistungen verhindern.<\/p><p><span style=\"color: var( --e-global-color-text ); font-family: var( --e-global-typography-text-font-family ), Sans-serif; font-size: var( --e-global-typography-text-font-size ); text-align: var(--text-align);\"><b>5.\u00a0<\/b><\/span><strong style=\"color: var( --e-global-color-text ); font-family: var( --e-global-typography-text-font-family ), Sans-serif; font-size: var( --e-global-typography-text-font-size ); text-align: var(--text-align);\">RECHT AUF WIDERRUF DER EINWILLIGUNG<\/strong><\/p><p>Die betroffene Person hat das Recht, ihre Einwilligung jederzeit gem\u00e4\u00df Artikel 7 DSGVO zu widerrufen. Der Widerruf der Einwilligung ber\u00fchrt nicht die Rechtm\u00e4\u00dfigkeit der Verarbeitung, die auf der Einwilligung vor ihrem Widerruf beruht. Vor der Erteilung der Einwilligung muss die betroffene Person dar\u00fcber informiert werden. Es muss genauso einfach sein, die Einwilligung zu widerrufen wie sie zu erteilen.<\/p><p><span style=\"color: var( --e-global-color-text ); font-family: var( --e-global-typography-text-font-family ), Sans-serif; font-size: var( --e-global-typography-text-font-size ); text-align: var(--text-align);\"><b>6.\u00a0<\/b><\/span><strong style=\"color: var( --e-global-color-text ); font-family: var( --e-global-typography-text-font-family ), Sans-serif; font-size: var( --e-global-typography-text-font-size ); text-align: var(--text-align);\">DATENAUFBEWAHRUNG<\/strong><\/p><p>Der Verantwortliche bewahrt personenbezogene Daten so lange auf, wie es notwendig ist, um die Zwecke zu erf\u00fcllen, f\u00fcr die sie erhoben wurden (z.B. Bearbeitung von Reisebuchungen). Der Verantwortliche muss personenbezogene Daten auch f\u00fcr die gesetzlich festgelegte Verj\u00e4hrungsfrist zur Aus\u00fcbung oder Verteidigung von Rechtsanspr\u00fcchen und f\u00fcr den gesetzlich vorgeschriebenen Zeitraum aufbewahren, um alle gesetzlichen Anforderungen zu erf\u00fcllen (z.B. 10 Jahre gem\u00e4\u00df Steuerrecht).<\/p><p><span style=\"color: var( --e-global-color-text ); font-family: var( --e-global-typography-text-font-family ), Sans-serif; font-size: var( --e-global-typography-text-font-size ); text-align: var(--text-align);\"><b>7.\u00a0<\/b><\/span><strong style=\"color: var( --e-global-color-text ); font-family: var( --e-global-typography-text-font-family ), Sans-serif; font-size: var( --e-global-typography-text-font-size ); text-align: var(--text-align);\">KATEGORIEN PERSONENBEZOGENER DATEN, DIE VON DER VERARBEITUNG BETROFFEN SIND<\/strong><\/p><p>1. Die Verarbeitung betrifft personenbezogene Daten wie Name, Vorname, Adresse, Telefonnummer, Steuernummer, Bankdaten.<\/p><p>2. Die Verarbeitung kann auch besondere Kategorien personenbezogener Daten gem\u00e4\u00df Artikel 9 DSGVO betreffen, die die rassische oder ethnische Herkunft, politische Meinungen, religi\u00f6se oder weltanschauliche \u00dcberzeugungen oder Gewerkschaftszugeh\u00f6rigkeit offenbaren, genetische Daten, biometrische Daten zur eindeutigen Identifizierung einer nat\u00fcrlichen Person, Daten \u00fcber die Gesundheit oder Daten \u00fcber das Sexualleben oder die sexuelle Orientierung einer nat\u00fcrlichen Person. Die Verarbeitung kann auch Daten zu strafrechtlichen Verurteilungen und Straftaten gem\u00e4\u00df Artikel 10 DSGVO betreffen.<\/p><p><span style=\"color: var( --e-global-color-text ); font-family: var( --e-global-typography-text-font-family ), Sans-serif; font-size: var( --e-global-typography-text-font-size ); text-align: var(--text-align);\"><b>8.\u00a0<\/b><\/span><strong style=\"color: var( --e-global-color-text ); font-family: var( --e-global-typography-text-font-family ), Sans-serif; font-size: var( --e-global-typography-text-font-size ); text-align: var(--text-align);\">MIT WEM PERSONENBEZOGENE DATEN GETEILT WERDEN<\/strong><\/p><p>1. Der Verantwortliche kann personenbezogene Daten teilen mit:<\/p><p>\u2013 Dritten, die an der Transaktion beteiligt sind, anderen Branchenbeteiligten (z.B. IATA, Reiseunternehmen, \u2026) und Partnern, die in ihrem Namen handeln, soweit dies zur Erf\u00fcllung des Vertrags erforderlich ist, den der Verantwortliche mit den Reisenden hat;<\/p><p>\u2013 Softwareanbietern; \u2013 Technologie-, Sicherheitsdiensten, rechtlichen, finanziellen\/buchhalterischen und anderen \u00e4hnlichen professionellen Beratern;<\/p><p>\u2013 Banken und Finanzinstituten zur Durchf\u00fchrung von Gesch\u00e4ftsprozessen (wie Zahlung, Kreditkartenverarbeitung, \u2026);<\/p><p>\u2013 Versicherungsgesellschaften;<\/p><p>\u2013 Beh\u00f6rden, die mit dem Schutz nat\u00fcrlicher Personen in Bezug auf die Verarbeitung personenbezogener Daten oder in anderen Angelegenheiten, die personenbezogene Daten betreffen, beauftragt sind (z.B. Finanzpolizei, Garante per la protezione dei dati personali,\u2026).<\/p><p>2. Das Teilen personenbezogener Daten k\u00f6nnte die \u00dcbermittlung von Daten au\u00dferhalb der EU beinhalten, wie z.B. die \u00dcbermittlung von Daten an ein Hotel in einem Drittland.<\/p><p>3. Die betroffene Person stimmt der \u00dcbermittlung ihrer personenbezogenen Daten an die oben genannten Personen zu, auch wenn sie sich in einem Drittland befinden. Die betroffene Person wird dar\u00fcber informiert, dass in Drittl\u00e4ndern die durch die DSGVO festgelegten gesetzlichen Rechte m\u00f6glicherweise nicht ausge\u00fcbt werden k\u00f6nnen.<\/p><p><span style=\"color: var( --e-global-color-text ); font-family: var( --e-global-typography-text-font-family ), Sans-serif; font-size: var( --e-global-typography-text-font-size ); text-align: var(--text-align);\"><b>9.\u00a0<\/b><\/span><strong style=\"color: var( --e-global-color-text ); font-family: var( --e-global-typography-text-font-family ), Sans-serif; font-size: var( --e-global-typography-text-font-size ); text-align: var(--text-align);\">RECHTE DER BETROFFENEN PERSON. WIDERSPRUCHSRECHT.<\/strong><\/p><p>1. Die betroffene Person hat folgende Rechte:<\/p><p>\u2013 Auskunftsrecht (Artikel 15 DSGVO): Informationen \u00fcber die verarbeiteten personenbezogenen Daten zu erhalten, wie den Zweck der Verarbeitung, die Dauer der Datenspeicherung; eine kostenlose Kopie der personenbezogenen Daten zu erhalten<\/p><p>\u2013 Recht auf Berichtigung unrichtiger personenbezogener Daten, unverz\u00fcglich (Artikel 16 DSGVO)<\/p><p>\u2013 Recht auf L\u00f6schung (Recht auf Vergessenwerden) der personenbezogenen Daten, die sie betreffen, unverz\u00fcglich (Artikel 17 DSGVO)<\/p><p>\u2013 Recht auf Einschr\u00e4nkung der Verarbeitung, z.B. wenn die betroffene Person die Richtigkeit der personenbezogenen Daten bestreitet, f\u00fcr einen Zeitraum, der es dem Verantwortlichen erm\u00f6glicht, die Richtigkeit der personenbezogenen Daten zu \u00fcberpr\u00fcfen (Artikel 18 DSGVO)<\/p><p>\u2013 Recht auf Daten\u00fcbertragbarkeit: die personenbezogenen Daten, die die betroffene Person einem Verantwortlichen bereitgestellt hat, in einem strukturierten, g\u00e4ngigen und maschinenlesbaren Format zu erhalten und das Recht zu haben, diese Daten ohne Behinderung durch den Verantwortlichen, dem die personenbezogenen Daten bereitgestellt wurden, an einen anderen Verantwortlichen zu \u00fcbermitteln (Artikel 20 DSGVO)<\/p><p>\u2013 Recht, nicht einer ausschlie\u00dflich auf automatisierter Verarbeitung, einschlie\u00dflich Profiling, beruhenden Entscheidung unterworfen zu werden, die rechtliche Auswirkungen auf die betroffene Person hat (Artikel 22 DSGVO)<\/p><p>\u2013 Recht, eine Beschwerde bei einer Aufsichtsbeh\u00f6rde einzureichen (z.B. Garante per la protezione dei dati personali) (Artikel 77 DSGVO)<\/p><p>\u2013 Recht auf einen wirksamen gerichtlichen Rechtsbehelf gegen eine Aufsichtsbeh\u00f6rde oder gegen einen Verantwortlichen oder Auftragsverarbeiter (Artikel 78, 79 DSGVO).<\/p><p>2. Die betroffene Person hat das Recht, aus Gr\u00fcnden, die sich aus ihrer besonderen Situation ergeben, jederzeit der Verarbeitung der sie betreffenden personenbezogenen Daten zu widersprechen (Artikel 21 DSGVO). Werden personenbezogene Daten zu Zwecken des Direktmarketings verarbeitet, hat die betroffene Person das Recht, jederzeit der Verarbeitung der sie betreffenden personenbezogenen Daten zu solchen Zwecken zu widersprechen: Die personenbezogenen Daten werden nicht mehr zu Zwecken des Direktmarketings verarbeitet.<\/p><p>3. Um die oben genannten Rechte auszu\u00fcben, wenden Sie sich bitte an die Datenschutzabteilung unter privacy@zaniviaggi.it oder schreiben Sie an Zani Viaggi \u2013 Datenschutzabteilung, Via Magni 2\/A, 24125 Bergamo \u2013 Italien.<\/p>\t\t\t\t\t\t\t\t<\/div>\n\t\t\t\t<\/div>\n\t\t\t\t<\/div>\n\t\t\t\t\t<\/div>\n\t\t\t\t<\/div>\n\t\t\t\t<\/div>\n\t\t","protected":false},"excerpt":{"rendered":"<p>Privacy policy INFORMATIONEN ZUM SCHUTZ PERSONENBEZOGENER DATEN GEM\u00c4SS DEN ARTIKELN 13, 14 DER EU-VERORDNUNG 2016\/679 Die nachstehenden Informationen beschreiben, wie von der EU-Verordnung 2016\/679 (Allgemeine Datenschutzverordnung \u2013 im Folgenden DSGVO) gefordert, wie unser Unternehmen personenbezogene Daten verarbeitet, d.h. Informationen, die sich auf eine identifizierte oder identifizierbare nat\u00fcrliche Person (betroffene Person) beziehen. 1. VERANTWORTLICHER F\u00dcR DIE [&hellip;]<\/p>\n","protected":false},"author":1,"featured_media":0,"parent":0,"menu_order":0,"comment_status":"closed","ping_status":"closed","template":"elementor_header_footer","meta":{"_acf_changed":false,"footnotes":""},"class_list":["post-22971","page","type-page","status-publish","hentry"],"acf":[],"_links":{"self":[{"href":"https:\/\/www.zaniviaggi.com\/de\/wp-json\/wp\/v2\/pages\/22971","targetHints":{"allow":["GET"]}}],"collection":[{"href":"https:\/\/www.zaniviaggi.com\/de\/wp-json\/wp\/v2\/pages"}],"about":[{"href":"https:\/\/www.zaniviaggi.com\/de\/wp-json\/wp\/v2\/types\/page"}],"author":[{"embeddable":true,"href":"https:\/\/www.zaniviaggi.com\/de\/wp-json\/wp\/v2\/users\/1"}],"replies":[{"embeddable":true,"href":"https:\/\/www.zaniviaggi.com\/de\/wp-json\/wp\/v2\/comments?post=22971"}],"version-history":[{"count":7,"href":"https:\/\/www.zaniviaggi.com\/de\/wp-json\/wp\/v2\/pages\/22971\/revisions"}],"predecessor-version":[{"id":36689,"href":"https:\/\/www.zaniviaggi.com\/de\/wp-json\/wp\/v2\/pages\/22971\/revisions\/36689"}],"wp:attachment":[{"href":"https:\/\/www.zaniviaggi.com\/de\/wp-json\/wp\/v2\/media?parent=22971"}],"curies":[{"name":"wp","href":"https:\/\/api.w.org\/{rel}","templated":true}]}}